{"id":809,"date":"2023-08-10T13:38:17","date_gmt":"2023-08-10T17:38:17","guid":{"rendered":"https:\/\/gymnamic.org\/?page_id=809"},"modified":"2023-08-23T15:56:26","modified_gmt":"2023-08-23T19:56:26","slug":"emplois","status":"publish","type":"page","link":"https:\/\/gymnamic.org\/?page_id=809","title":{"rendered":"Emplois"},"content":{"rendered":"\t\t<div data-elementor-type=\"wp-page\" data-elementor-id=\"809\" class=\"elementor elementor-809\" data-elementor-settings=\"[]\">\n\t\t\t\t\t\t\t<div class=\"elementor-section-wrap\">\n\t\t\t\t\t\t\t<section class=\"elementor-section elementor-top-section elementor-element elementor-element-4c343ac elementor-section-boxed elementor-section-height-default elementor-section-height-default\" data-id=\"4c343ac\" data-element_type=\"section\">\n\t\t\t\t\t\t<div class=\"elementor-container elementor-column-gap-default\">\n\t\t\t\t\t<div class=\"elementor-column elementor-col-100 elementor-top-column elementor-element elementor-element-eafed48\" data-id=\"eafed48\" data-element_type=\"column\">\n\t\t\t<div class=\"elementor-widget-wrap elementor-element-populated\">\n\t\t\t\t\t\t\t\t<div class=\"elementor-element elementor-element-e055bba elementor-widget elementor-widget-heading\" data-id=\"e055bba\" data-element_type=\"widget\" data-widget_type=\"heading.default\">\n\t\t\t\t<div class=\"elementor-widget-container\">\n\t\t\t<h2 class=\"elementor-heading-title elementor-size-default\">Gymnamic est en expansion!<\/h2>\t\t<\/div>\n\t\t\t\t<\/div>\n\t\t\t\t\t<\/div>\n\t\t<\/div>\n\t\t\t\t\t\t\t<\/div>\n\t\t<\/section>\n\t\t\t\t<section class=\"elementor-section elementor-top-section elementor-element elementor-element-8ffa314 elementor-section-boxed elementor-section-height-default elementor-section-height-default\" data-id=\"8ffa314\" data-element_type=\"section\">\n\t\t\t\t\t\t<div class=\"elementor-container elementor-column-gap-default\">\n\t\t\t\t\t<div class=\"elementor-column elementor-col-100 elementor-top-column elementor-element elementor-element-cb1e785\" data-id=\"cb1e785\" data-element_type=\"column\">\n\t\t\t<div class=\"elementor-widget-wrap elementor-element-populated\">\n\t\t\t\t\t\t\t\t<div class=\"elementor-element elementor-element-ad3069d elementor-widget elementor-widget-text-editor\" data-id=\"ad3069d\" data-element_type=\"widget\" data-widget_type=\"text-editor.default\">\n\t\t\t\t<div class=\"elementor-widget-container\">\n\t\t\t\t\t<div class=\"elementor-text-editor elementor-clearfix\"><p>Gymnamic est pr\u00e9sentement \u00e0 la recherche de passionn\u00e9(e)s pour agrandir son \u00e9quipe. Tu veux partager ton exp\u00e9rience et ta bonne humeur afin d&#8217;aider de jeunes athl\u00e8tes motiv\u00e9(e)s \u00e0 \u00e9voluer? Nous avons une place pour toi!<\/p><p><strong>Plusieurs postes sont disponibles :<\/strong><\/p><ul><li>Entra\u00eeneur(se) R\u00e9gional F\u00e9minin<br \/><em>Temps partiel ou temps plein<\/em><\/li><li>Entra\u00eeneur(se) Concentration secteur F\u00e9minin<br \/><em>Temps partiel<\/em><\/li><li>Entra\u00eeneur(se) secteur R\u00e9cr\u00e9atif<br \/><em>Temps partiel<\/em><\/li><\/ul><h5>Pose ta candidature!<\/h5><p>Envoie nous tes coordonn\u00e9es ainsi qu&#8217;une br\u00e8ve description de toi et de ton exp\u00e9rience, et nous te contacterons dans les plus bref d\u00e9lais.<\/p><\/div>\n\t\t\t\t<\/div>\n\t\t\t\t<\/div>\n\t\t\t\t\t<\/div>\n\t\t<\/div>\n\t\t\t\t\t\t\t<\/div>\n\t\t<\/section>\n\t\t\t\t<section class=\"elementor-section elementor-top-section elementor-element elementor-element-be5bb1b elementor-section-boxed elementor-section-height-default elementor-section-height-default\" data-id=\"be5bb1b\" data-element_type=\"section\">\n\t\t\t\t\t\t<div class=\"elementor-container elementor-column-gap-default\">\n\t\t\t\t\t<div class=\"elementor-column elementor-col-100 elementor-top-column elementor-element elementor-element-3eaee5d\" data-id=\"3eaee5d\" data-element_type=\"column\">\n\t\t\t<div class=\"elementor-widget-wrap elementor-element-populated\">\n\t\t\t\t\t\t\t\t<div class=\"elementor-element elementor-element-cce0b49 elementor-widget elementor-widget-wpforms\" data-id=\"cce0b49\" data-element_type=\"widget\" data-widget_type=\"wpforms.default\">\n\t\t\t\t<div class=\"elementor-widget-container\">\n\t\t\t<div class=\"wpforms-container wpforms-container-full\" id=\"wpforms-833\"><form id=\"wpforms-form-833\" class=\"wpforms-validate wpforms-form\" data-formid=\"833\" method=\"post\" enctype=\"multipart\/form-data\" action=\"\/index.php?rest_route=%2Fwp%2Fv2%2Fpages%2F809\" data-token=\"5479b65d48d7449bdb6fe372d178a79d\"><noscript class=\"wpforms-error-noscript\">Please enable JavaScript in your browser to complete this form.<\/noscript><div class=\"wpforms-field-container\"><div id=\"wpforms-833-field_0-container\" class=\"wpforms-field wpforms-field-name\" data-field-id=\"0\"><label class=\"wpforms-field-label\" for=\"wpforms-833-field_0\">Nom <span class=\"wpforms-required-label\">*<\/span><\/label><div class=\"wpforms-field-row wpforms-field-medium\"><div class=\"wpforms-field-row-block wpforms-first wpforms-one-half\"><input type=\"text\" id=\"wpforms-833-field_0\" class=\"wpforms-field-name-first wpforms-field-required\" name=\"wpforms[fields][0][first]\" placeholder=\"pr\u00e9nom\" required><label for=\"wpforms-833-field_0\" class=\"wpforms-field-sublabel after wpforms-sublabel-hide\">First<\/label><\/div><div class=\"wpforms-field-row-block wpforms-one-half\"><input type=\"text\" id=\"wpforms-833-field_0-last\" class=\"wpforms-field-name-last wpforms-field-required\" name=\"wpforms[fields][0][last]\" placeholder=\"nom\" required><label for=\"wpforms-833-field_0-last\" class=\"wpforms-field-sublabel after wpforms-sublabel-hide\">Last<\/label><\/div><\/div><\/div><div id=\"wpforms-833-field_1-container\" class=\"wpforms-field wpforms-field-email\" data-field-id=\"1\"><label class=\"wpforms-field-label\" for=\"wpforms-833-field_1\">Courriel <span class=\"wpforms-required-label\">*<\/span><\/label><input type=\"email\" id=\"wpforms-833-field_1\" class=\"wpforms-field-medium wpforms-field-required\" name=\"wpforms[fields][1]\" placeholder=\"adresse courriel pour te rejoindre\" required><\/div><div id=\"wpforms-833-field_4-container\" class=\"wpforms-field wpforms-field-checkbox\" data-field-id=\"4\"><label class=\"wpforms-field-label\" for=\"wpforms-833-field_4\">Poste(s) recherch\u00e9(s) <span class=\"wpforms-required-label\">*<\/span><\/label><ul id=\"wpforms-833-field_4\" class=\"wpforms-field-required\"><li class=\"choice-1 depth-1\"><input type=\"checkbox\" id=\"wpforms-833-field_4_1\" name=\"wpforms[fields][4][]\" value=\"Entra\u00eeneur(se) R\u00e9gional F\u00e9minin\" required ><label class=\"wpforms-field-label-inline\" for=\"wpforms-833-field_4_1\">Entra\u00eeneur(se) R\u00e9gional F\u00e9minin<\/label><\/li><li class=\"choice-4 depth-1\"><input type=\"checkbox\" id=\"wpforms-833-field_4_4\" name=\"wpforms[fields][4][]\" value=\"Entra\u00eeneur(se) R\u00e9cr\u00e9atif\" required ><label class=\"wpforms-field-label-inline\" for=\"wpforms-833-field_4_4\">Entra\u00eeneur(se) R\u00e9cr\u00e9atif<\/label><\/li><li class=\"choice-5 depth-1\"><input type=\"checkbox\" id=\"wpforms-833-field_4_5\" name=\"wpforms[fields][4][]\" value=\"Assistant(e)-Entra\u00eeneur(se) R\u00e9cr\u00e9atif\" required ><label class=\"wpforms-field-label-inline\" for=\"wpforms-833-field_4_5\">Assistant(e)-Entra\u00eeneur(se) R\u00e9cr\u00e9atif<\/label><\/li><\/ul><\/div><div id=\"wpforms-833-field_2-container\" class=\"wpforms-field wpforms-field-textarea\" data-field-id=\"2\"><label class=\"wpforms-field-label\" for=\"wpforms-833-field_2\">Message <span class=\"wpforms-required-label\">*<\/span><\/label><textarea id=\"wpforms-833-field_2\" class=\"wpforms-field-medium wpforms-field-required\" name=\"wpforms[fields][2]\" placeholder=\"parles-nous un peu de toi et de ton exp\u00e9rience en quelques lignes\" required><\/textarea><\/div><\/div><div class=\"wpforms-recaptcha-container wpforms-is-recaptcha\" ><div class=\"g-recaptcha\" data-sitekey=\"6LfhCzUnAAAAAEUEC8gRIKC0q0FliH6QWq81EZ_b\"><\/div><input type=\"text\" name=\"g-recaptcha-hidden\" class=\"wpforms-recaptcha-hidden\" style=\"position:absolute!important;clip:rect(0,0,0,0)!important;height:1px!important;width:1px!important;border:0!important;overflow:hidden!important;padding:0!important;margin:0!important;\" required><\/div><div class=\"wpforms-submit-container\" ><input type=\"hidden\" name=\"wpforms[id]\" value=\"833\"><input type=\"hidden\" name=\"wpforms[author]\" value=\"1\"><button type=\"submit\" name=\"wpforms[submit]\" class=\"wpforms-submit \" id=\"wpforms-submit-833\" value=\"wpforms-submit\" aria-live=\"assertive\" data-alt-text=\"Envoi du message\u2026\" data-submit-text=\"Envoyer\">Envoyer<\/button><\/div><\/form><\/div>  <!-- .wpforms-container -->\t\t<\/div>\n\t\t\t\t<\/div>\n\t\t\t\t\t<\/div>\n\t\t<\/div>\n\t\t\t\t\t\t\t<\/div>\n\t\t<\/section>\n\t\t\t\t\t\t<\/div>\n\t\t\t\t\t<\/div>\n\t\t","protected":false},"excerpt":{"rendered":"<p>Gymnamic est en expansion! Gymnamic est pr\u00e9sentement \u00e0 la recherche de passionn\u00e9(e)s pour agrandir son \u00e9quipe. Tu veux partager ton exp\u00e9rience et ta bonne humeur afin d&#8217;aider de jeunes athl\u00e8tes motiv\u00e9(e)s \u00e0 \u00e9voluer? Nous avons une place pour toi! Plusieurs postes sont disponibles : Entra\u00eeneur(se) R\u00e9gional F\u00e9mininTemps partiel ou temps plein Entra\u00eeneur(se) Concentration secteur F\u00e9mininTemps [&hellip;]<\/p>\n","protected":false},"author":1,"featured_media":0,"parent":0,"menu_order":0,"comment_status":"closed","ping_status":"closed","template":"","meta":[],"_links":{"self":[{"href":"https:\/\/gymnamic.org\/index.php?rest_route=\/wp\/v2\/pages\/809"}],"collection":[{"href":"https:\/\/gymnamic.org\/index.php?rest_route=\/wp\/v2\/pages"}],"about":[{"href":"https:\/\/gymnamic.org\/index.php?rest_route=\/wp\/v2\/types\/page"}],"author":[{"embeddable":true,"href":"https:\/\/gymnamic.org\/index.php?rest_route=\/wp\/v2\/users\/1"}],"replies":[{"embeddable":true,"href":"https:\/\/gymnamic.org\/index.php?rest_route=%2Fwp%2Fv2%2Fcomments&post=809"}],"version-history":[{"count":22,"href":"https:\/\/gymnamic.org\/index.php?rest_route=\/wp\/v2\/pages\/809\/revisions"}],"predecessor-version":[{"id":859,"href":"https:\/\/gymnamic.org\/index.php?rest_route=\/wp\/v2\/pages\/809\/revisions\/859"}],"wp:attachment":[{"href":"https:\/\/gymnamic.org\/index.php?rest_route=%2Fwp%2Fv2%2Fmedia&parent=809"}],"curies":[{"name":"wp","href":"https:\/\/api.w.org\/{rel}","templated":true}]}}