{"id":76,"date":"2021-02-22T21:38:28","date_gmt":"2021-02-23T02:38:28","guid":{"rendered":"http:\/\/id42.sytes.net:9000\/?page_id=76"},"modified":"2023-04-17T15:29:12","modified_gmt":"2023-04-17T19:29:12","slug":"masculin","status":"publish","type":"page","link":"https:\/\/gymnamic.org\/?page_id=76","title":{"rendered":"Masculin"},"content":{"rendered":"\t\t<div data-elementor-type=\"wp-page\" data-elementor-id=\"76\" class=\"elementor elementor-76\" data-elementor-settings=\"[]\">\n\t\t\t\t\t\t\t<div class=\"elementor-section-wrap\">\n\t\t\t\t\t\t\t<section class=\"elementor-section elementor-top-section elementor-element elementor-element-4c59c05 elementor-section-boxed elementor-section-height-default elementor-section-height-default\" data-id=\"4c59c05\" data-element_type=\"section\">\n\t\t\t\t\t\t<div class=\"elementor-container elementor-column-gap-default\">\n\t\t\t\t\t<div class=\"elementor-column elementor-col-100 elementor-top-column elementor-element elementor-element-1265412\" data-id=\"1265412\" data-element_type=\"column\">\n\t\t\t<div class=\"elementor-widget-wrap elementor-element-populated\">\n\t\t\t\t\t\t\t\t<div class=\"elementor-element elementor-element-d183cb1 elementor-widget elementor-widget-text-editor\" data-id=\"d183cb1\" data-element_type=\"widget\" data-widget_type=\"text-editor.default\">\n\t\t\t\t<div class=\"elementor-widget-container\">\n\t\t\t\t\t<div class=\"elementor-text-editor elementor-clearfix\"><p>Le secteur comp\u00e9titif masculin \u00e0 Gymnamic, regroupe des athl\u00e8tes de la rel\u00e8ve jusqu&#8217;au niveau national.<\/p><\/div>\n\t\t\t\t<\/div>\n\t\t\t\t<\/div>\n\t\t\t\t<div class=\"elementor-element elementor-element-79f7d65 elementor-widget elementor-widget-image\" data-id=\"79f7d65\" data-element_type=\"widget\" data-widget_type=\"image.default\">\n\t\t\t\t<div class=\"elementor-widget-container\">\n\t\t\t\t\t<div class=\"elementor-image\">\n\t\t\t\t\t\t\t\t\t\t<img width=\"1024\" height=\"379\" src=\"https:\/\/gymnamic.org\/wp-content\/uploads\/2021\/06\/gymnamic-gam-1024x379.jpg\" class=\"attachment-large size-large\" alt=\"\" loading=\"lazy\" srcset=\"https:\/\/gymnamic.org\/wp-content\/uploads\/2021\/06\/gymnamic-gam-1024x379.jpg 1024w, https:\/\/gymnamic.org\/wp-content\/uploads\/2021\/06\/gymnamic-gam-300x111.jpg 300w, https:\/\/gymnamic.org\/wp-content\/uploads\/2021\/06\/gymnamic-gam-768x284.jpg 768w, https:\/\/gymnamic.org\/wp-content\/uploads\/2021\/06\/gymnamic-gam-1536x569.jpg 1536w, https:\/\/gymnamic.org\/wp-content\/uploads\/2021\/06\/gymnamic-gam-720x267.jpg 720w, https:\/\/gymnamic.org\/wp-content\/uploads\/2021\/06\/gymnamic-gam.jpg 1728w\" sizes=\"(max-width: 1024px) 100vw, 1024px\" \/>\t\t\t\t\t\t\t\t\t\t\t<\/div>\n\t\t\t\t<\/div>\n\t\t\t\t<\/div>\n\t\t\t\t<div class=\"elementor-element elementor-element-1a23e6a elementor-widget elementor-widget-text-editor\" data-id=\"1a23e6a\" data-element_type=\"widget\" data-widget_type=\"text-editor.default\">\n\t\t\t\t<div class=\"elementor-widget-container\">\n\t\t\t\t\t<div class=\"elementor-text-editor elementor-clearfix\"><h2>Secteur offert au club Gymnamic<\/h2><\/div>\n\t\t\t\t<\/div>\n\t\t\t\t<\/div>\n\t\t\t\t<div class=\"elementor-element elementor-element-bf178af elementor-widget elementor-widget-toggle\" data-id=\"bf178af\" data-element_type=\"widget\" data-widget_type=\"toggle.default\">\n\t\t\t\t<div class=\"elementor-widget-container\">\n\t\t\t\t\t<div class=\"elementor-toggle\" role=\"tablist\">\n\t\t\t\t\t\t\t<div class=\"elementor-toggle-item\">\n\t\t\t\t\t<div id=\"elementor-tab-title-2001\" class=\"elementor-tab-title\" data-tab=\"1\" role=\"tab\" aria-controls=\"elementor-tab-content-2001\">\n\t\t\t\t\t\t\t\t\t\t\t\t<a href=\"\" class=\"elementor-toggle-title\">Rel\u00e8ve<\/a>\n\t\t\t\t\t<\/div>\n\t\t\t\t\t<div id=\"elementor-tab-content-2001\" class=\"elementor-tab-content elementor-clearfix\" data-tab=\"1\" role=\"tabpanel\" aria-labelledby=\"elementor-tab-title-2001\"><p><span style=\"font-weight: 400;\">Les athl\u00e8tes du secteur rel\u00e8ve masculin ont entre 4 et 7 ans. Ces jeunes, recrut\u00e9s lors des auditions et dans le secteur \u00e9ducatif, se pr\u00e9parent \u00e0 comp\u00e9titionner au secteur provincial ou r\u00e9gional lorsqu\u2019ils auront atteint l\u2019\u00e2ge de 8 ans.<\/span><\/p><\/div>\n\t\t\t\t<\/div>\n\t\t\t\t\t\t\t<div class=\"elementor-toggle-item\">\n\t\t\t\t\t<div id=\"elementor-tab-title-2002\" class=\"elementor-tab-title\" data-tab=\"2\" role=\"tab\" aria-controls=\"elementor-tab-content-2002\">\n\t\t\t\t\t\t\t\t\t\t\t\t<a href=\"\" class=\"elementor-toggle-title\">R\u00e9gional<\/a>\n\t\t\t\t\t<\/div>\n\t\t\t\t\t<div id=\"elementor-tab-content-2002\" class=\"elementor-tab-content elementor-clearfix\" data-tab=\"2\" role=\"tabpanel\" aria-labelledby=\"elementor-tab-title-2002\"><p><span style=\"font-weight: 400;\">Les athl\u00e8tes du secteur r\u00e9gional s\u2019entra\u00eenent environ 10 heures par semaine. Les entra\u00eenements de soirs et de fin de semaine sont centr\u00e9s sur le plaisir et le d\u00e9sir d\u2019\u00e9volution dans le sport. Les athl\u00e8tes prennent part \u00e0 leur premi\u00e8re comp\u00e9tition et apprennent \u00e0 s\u2019entra\u00eener dans le plaisir et l\u2019effort. Les athl\u00e8tes du niveau r\u00e9gional sont recrut\u00e9s par les entra\u00eeneurs dans le secteur \u00e9ducatif. <\/span><span style=\"font-weight: 400;\">Actuellement, les athl\u00e8tes de niveau r\u00e9gional sont peu nombreux et s&#8217;entra\u00eenent dans les m\u00eames groupes que les athl\u00e8tes provinciaux.\u00a0<\/span><\/p><p><span style=\"font-weight: 400;\">Si les gar\u00e7ons ont la volont\u00e9 et le niveau gymnique n\u00e9cessaire, ils peuvent \u00e9voluer vers le programme provincial par la suite. <\/span><\/p><\/div>\n\t\t\t\t<\/div>\n\t\t\t\t\t\t\t<div class=\"elementor-toggle-item\">\n\t\t\t\t\t<div id=\"elementor-tab-title-2003\" class=\"elementor-tab-title\" data-tab=\"3\" role=\"tab\" aria-controls=\"elementor-tab-content-2003\">\n\t\t\t\t\t\t\t\t\t\t\t\t<a href=\"\" class=\"elementor-toggle-title\">Provincial<\/a>\n\t\t\t\t\t<\/div>\n\t\t\t\t\t<div id=\"elementor-tab-content-2003\" class=\"elementor-tab-content elementor-clearfix\" data-tab=\"3\" role=\"tabpanel\" aria-labelledby=\"elementor-tab-title-2003\"><p><span style=\"font-weight: 400;\">L\u2019amour de la gymnastique est bien ancr\u00e9 dans le c\u0153ur des athl\u00e8tes de niveau provincial. S\u2019entra\u00eenant entre 10 et 21 heures, ils souhaitent performer en comp\u00e9tition. Le d\u00e9passement de soi devient une grande source de motivation pour ces athl\u00e8tes. Ils apprennent \u00e0 s\u2019entra\u00eener et \u00e0 performer.\u00a0<\/span><\/p><p><span style=\"font-weight: 400;\">Le programme provincial contient les niveaux 2 \u00e0 5. Les athl\u00e8tes de ces cat\u00e9gories participent \u00e0 plusieurs comp\u00e9titions dans l\u2019ann\u00e9e. La finalit\u00e9 pour le niveau 2 est les Championnats qu\u00e9b\u00e9cois. Pour les niveaux 3 \u00e0 5, c\u2019est les Championnats de l\u2019est du Canada.<\/span><\/p><p>\u00a0<\/p><p><span style=\"font-weight: 400;\">Les gymnastes avec le plus de qualit\u00e9s et habilet\u00e9s gymniques sont recrut\u00e9s pour le programme Sport-\u00e9tude. Pour plus d\u2019informations, rendez-vous dans la section r\u00e9serv\u00e9e \u00e0 ce programme.<\/span><\/p><\/div>\n\t\t\t\t<\/div>\n\t\t\t\t\t\t\t<div class=\"elementor-toggle-item\">\n\t\t\t\t\t<div id=\"elementor-tab-title-2004\" class=\"elementor-tab-title\" data-tab=\"4\" role=\"tab\" aria-controls=\"elementor-tab-content-2004\">\n\t\t\t\t\t\t\t\t\t\t\t\t<a href=\"\" class=\"elementor-toggle-title\">National<\/a>\n\t\t\t\t\t<\/div>\n\t\t\t\t\t<div id=\"elementor-tab-content-2004\" class=\"elementor-tab-content elementor-clearfix\" data-tab=\"4\" role=\"tabpanel\" aria-labelledby=\"elementor-tab-title-2004\"><p><span style=\"font-weight: 400;\">Les athl\u00e8tes du niveau national s\u2019entra\u00eenent 21 heures par semaine dans le programme sport-\u00e9tudes parfois plus. Ces gymnastes se d\u00e9marquent par leur autonomie, leur travail acharn\u00e9 et leur d\u00e9termination \u00e0 \u00eatre les meilleures versions d\u2019eux-m\u00eames.<\/span><\/p><p><span style=\"font-weight: 400;\">Les gymnastes nationales peuvent se qualifier pour repr\u00e9senter le Qu\u00e9bec aux championnats de l\u2019est du Canada ou aux championnats canadiens.<\/span><\/p><\/div>\n\t\t\t\t<\/div>\n\t\t\t\t\t\t\t<div class=\"elementor-toggle-item\">\n\t\t\t\t\t<div id=\"elementor-tab-title-2005\" class=\"elementor-tab-title\" data-tab=\"5\" role=\"tab\" aria-controls=\"elementor-tab-content-2005\">\n\t\t\t\t\t\t\t\t\t\t\t\t<a href=\"\" class=\"elementor-toggle-title\">Haute performance<\/a>\n\t\t\t\t\t<\/div>\n\t\t\t\t\t<div id=\"elementor-tab-content-2005\" class=\"elementor-tab-content elementor-clearfix\" data-tab=\"5\" role=\"tabpanel\" aria-labelledby=\"elementor-tab-title-2005\"><p><span style=\"font-weight: 400;\">Les gar\u00e7ons du programme Sport-\u00e9tudes avec un talent exceptionnel visent les cat\u00e9gories de haut niveau comme l\u2019\u00c9lite 3 et 4 ou encore les cat\u00e9gories Junior et Senior. Ainsi, ces athl\u00e8tes ont la chance d\u2019\u00eatre identifi\u00e9s sur les listes Excellence, \u00c9lite, Rel\u00e8ve, de faire partie de l\u2019\u00e9quipe canadienne de gymnastique, d\u2019\u00eatre invit\u00e9s dans des camps d\u2019entra\u00eenement de l\u2019\u00e9quipe canadienne, d\u2019\u00eatre brevet\u00e9s par Sport Canada et m\u00eame de repr\u00e9senter le pays sur la sc\u00e8ne internationale.<\/span><\/p><p><span style=\"font-weight: 400;\">Ces athl\u00e8tes s\u2019entra\u00eenent au moins 21h par semaine, parfois plus. Pour l\u2019atteinte des objectifs, certains d\u2019entre eux viendront au gymnase 6 jours par semaine. <\/span><\/p><\/div>\n\t\t\t\t<\/div>\n\t\t\t\t\t<\/div>\n\t\t\t\t<\/div>\n\t\t\t\t<\/div>\n\t\t\t\t<div class=\"elementor-element elementor-element-93727f1 elementor-widget elementor-widget-text-editor\" data-id=\"93727f1\" data-element_type=\"widget\" data-widget_type=\"text-editor.default\">\n\t\t\t\t<div class=\"elementor-widget-container\">\n\t\t\t\t\t<div class=\"elementor-text-editor elementor-clearfix\"><p>Afin d&#8217;entrer dans le programme comp\u00e9titif, l&#8217;athl\u00e8te doit avoir \u00e9t\u00e9 identifi\u00e9 par son entra\u00eeneur au r\u00e9cr\u00e9atif. Le responsable du recrutement viendra ensuite \u00e9valuer l&#8217;athl\u00e8te.\u00a0<\/p><\/div>\n\t\t\t\t<\/div>\n\t\t\t\t<\/div>\n\t\t\t\t<div class=\"elementor-element elementor-element-5405cb5 elementor-widget elementor-widget-text-editor\" data-id=\"5405cb5\" data-element_type=\"widget\" data-widget_type=\"text-editor.default\">\n\t\t\t\t<div class=\"elementor-widget-container\">\n\t\t\t\t\t<div class=\"elementor-text-editor elementor-clearfix\"><h2 class=\"elementor-heading-title elementor-size-default elementor-inline-editing pen\" style=\"font-family: var( --e-global-typography-primary-font-family ), Sans-serif; font-weight: var( --e-global-typography-primary-font-weight ); color: #000000;\" data-elementor-setting-key=\"title\" data-pen-placeholder=\"Type Here...\">Programme scolaire<\/h2><\/div>\n\t\t\t\t<\/div>\n\t\t\t\t<\/div>\n\t\t\t\t<div class=\"elementor-element elementor-element-ecf94a2 elementor-widget elementor-widget-toggle\" data-id=\"ecf94a2\" data-element_type=\"widget\" data-widget_type=\"toggle.default\">\n\t\t\t\t<div class=\"elementor-widget-container\">\n\t\t\t\t\t<div class=\"elementor-toggle\" role=\"tablist\">\n\t\t\t\t\t\t\t<div class=\"elementor-toggle-item\">\n\t\t\t\t\t<div id=\"elementor-tab-title-2481\" class=\"elementor-tab-title\" data-tab=\"1\" role=\"tab\" aria-controls=\"elementor-tab-content-2481\">\n\t\t\t\t\t\t\t\t\t\t\t\t<a href=\"\" class=\"elementor-toggle-title\">Programme concentration - Secondaire<\/a>\n\t\t\t\t\t<\/div>\n\t\t\t\t\t<div id=\"elementor-tab-content-2481\" class=\"elementor-tab-content elementor-clearfix\" data-tab=\"1\" role=\"tabpanel\" aria-labelledby=\"elementor-tab-title-2481\"><p><span style=\"font-weight: 400;\">Ce programme est en cours de construction, mais il y a une volont\u00e9 \u00e0 Gymnamic de l\u2019ouvrir dans les prochaines ann\u00e9es. Ces athl\u00e8tes s\u2019entra\u00eenent le matin \u00e0 raison de 2,5h par jour pour un total de 12.5h par semaine et vont \u00e0 l\u2019\u00e9cole l\u2019apr\u00e8s-midi.<\/span><\/p><p><span style=\"font-weight: 400;\">Si ce programme vous int\u00e9resse, veuillez <a href=\"https:\/\/gymnamic.org\/?page_id=9\">contacter notre administration<\/a> pour nous faire part de votre int\u00e9r\u00eat.<\/span><\/p><\/div>\n\t\t\t\t<\/div>\n\t\t\t\t\t\t\t<div class=\"elementor-toggle-item\">\n\t\t\t\t\t<div id=\"elementor-tab-title-2482\" class=\"elementor-tab-title\" data-tab=\"2\" role=\"tab\" aria-controls=\"elementor-tab-content-2482\">\n\t\t\t\t\t\t\t\t\t\t\t\t<a href=\"\" class=\"elementor-toggle-title\">Programme Sport-\u00e9tudes -Primaire et secondaire<\/a>\n\t\t\t\t\t<\/div>\n\t\t\t\t\t<div id=\"elementor-tab-content-2482\" class=\"elementor-tab-content elementor-clearfix\" data-tab=\"2\" role=\"tabpanel\" aria-labelledby=\"elementor-tab-title-2482\"><p><span style=\"font-weight: 400;\">Le programme du sport-\u00e9tudes est offert aux jeunes de la 4e ann\u00e9e jusqu\u2019en secondaire 5. Ces \u00e9tudiants-athl\u00e8tes sont dans le programme PALS. Ils vont \u00e0 l\u2019\u00e9cole \u00e0 L\u00e9vis en avant-midi puis viennent s\u2019entra\u00eener en apr\u00e8s-midi \u00e0 Gymnamic. Les jeunes du primaire font au total 16h par semaine de gymnastique et pour les jeunes du secondaire ce sont 21h par semaine d\u2019entra\u00eenement.<\/span><\/p><p><span style=\"font-weight: 400;\">Ce programme est offert sur invitation seulement. Les jeunes doivent avoir atteint un certain niveau gymnique et d\u00e9montr\u00e9 des qualit\u00e9s mentales hors du commun.<\/span><\/p><\/div>\n\t\t\t\t<\/div>\n\t\t\t\t\t<\/div>\n\t\t\t\t<\/div>\n\t\t\t\t<\/div>\n\t\t\t\t<div class=\"elementor-element elementor-element-27e5b52 elementor-arrows-position-inside elementor-pagination-position-outside elementor-widget elementor-widget-image-carousel\" data-id=\"27e5b52\" data-element_type=\"widget\" data-settings=\"{&quot;slides_to_show&quot;:&quot;5&quot;,&quot;navigation&quot;:&quot;both&quot;,&quot;autoplay&quot;:&quot;yes&quot;,&quot;pause_on_hover&quot;:&quot;yes&quot;,&quot;pause_on_interaction&quot;:&quot;yes&quot;,&quot;autoplay_speed&quot;:5000,&quot;infinite&quot;:&quot;yes&quot;,&quot;speed&quot;:500}\" data-widget_type=\"image-carousel.default\">\n\t\t\t\t<div class=\"elementor-widget-container\">\n\t\t\t\t\t<div class=\"elementor-image-carousel-wrapper swiper-container\" dir=\"ltr\">\n\t\t\t<div class=\"elementor-image-carousel swiper-wrapper\">\n\t\t\t\t<div class=\"swiper-slide\"><a data-elementor-open-lightbox=\"yes\" data-elementor-lightbox-slideshow=\"27e5b52\" data-elementor-lightbox-title=\"GAM 3\" href=\"https:\/\/gymnamic.org\/wp-content\/uploads\/2021\/06\/GAM-3.jpg\"><figure class=\"swiper-slide-inner\"><img class=\"swiper-slide-image\" src=\"https:\/\/gymnamic.org\/wp-content\/uploads\/2021\/06\/GAM-3-150x150.jpg\" alt=\"GAM 3\" \/><\/figure><\/a><\/div><div class=\"swiper-slide\"><a data-elementor-open-lightbox=\"yes\" data-elementor-lightbox-slideshow=\"27e5b52\" data-elementor-lightbox-title=\"GAM 4\" href=\"https:\/\/gymnamic.org\/wp-content\/uploads\/2021\/06\/GAM-4.jpg\"><figure class=\"swiper-slide-inner\"><img class=\"swiper-slide-image\" src=\"https:\/\/gymnamic.org\/wp-content\/uploads\/2021\/06\/GAM-4-150x150.jpg\" alt=\"GAM 4\" \/><\/figure><\/a><\/div><div class=\"swiper-slide\"><a data-elementor-open-lightbox=\"yes\" data-elementor-lightbox-slideshow=\"27e5b52\" data-elementor-lightbox-title=\"GAm 5\" href=\"https:\/\/gymnamic.org\/wp-content\/uploads\/2021\/06\/GAm-5.jpg\"><figure class=\"swiper-slide-inner\"><img class=\"swiper-slide-image\" src=\"https:\/\/gymnamic.org\/wp-content\/uploads\/2021\/06\/GAm-5-150x150.jpg\" alt=\"GAm 5\" \/><\/figure><\/a><\/div><div class=\"swiper-slide\"><a data-elementor-open-lightbox=\"yes\" data-elementor-lightbox-slideshow=\"27e5b52\" data-elementor-lightbox-title=\"GAM\" href=\"https:\/\/gymnamic.org\/wp-content\/uploads\/2021\/06\/GAM.jpg\"><figure class=\"swiper-slide-inner\"><img class=\"swiper-slide-image\" src=\"https:\/\/gymnamic.org\/wp-content\/uploads\/2021\/06\/GAM-150x150.jpg\" alt=\"GAM\" \/><\/figure><\/a><\/div><div class=\"swiper-slide\"><a data-elementor-open-lightbox=\"yes\" data-elementor-lightbox-slideshow=\"27e5b52\" data-elementor-lightbox-title=\"GAm2\" href=\"https:\/\/gymnamic.org\/wp-content\/uploads\/2021\/06\/GAm2.jpg\"><figure class=\"swiper-slide-inner\"><img class=\"swiper-slide-image\" src=\"https:\/\/gymnamic.org\/wp-content\/uploads\/2021\/06\/GAm2-150x150.jpg\" alt=\"GAm2\" \/><\/figure><\/a><\/div><div class=\"swiper-slide\"><a data-elementor-open-lightbox=\"yes\" data-elementor-lightbox-slideshow=\"27e5b52\" data-elementor-lightbox-title=\"D50_0639-683x1024\" href=\"https:\/\/gymnamic.org\/wp-content\/uploads\/2021\/02\/D50_0639-683x1024-1.jpg\"><figure class=\"swiper-slide-inner\"><img class=\"swiper-slide-image\" src=\"https:\/\/gymnamic.org\/wp-content\/uploads\/2021\/02\/D50_0639-683x1024-1-150x150.jpg\" alt=\"D50_0639-683x1024\" \/><\/figure><\/a><\/div><div class=\"swiper-slide\"><a data-elementor-open-lightbox=\"yes\" data-elementor-lightbox-slideshow=\"27e5b52\" data-elementor-lightbox-title=\"gam 8\" href=\"https:\/\/gymnamic.org\/wp-content\/uploads\/2021\/06\/gam-8.jpg\"><figure class=\"swiper-slide-inner\"><img class=\"swiper-slide-image\" src=\"https:\/\/gymnamic.org\/wp-content\/uploads\/2021\/06\/gam-8-150x150.jpg\" alt=\"gam 8\" \/><\/figure><\/a><\/div><div class=\"swiper-slide\"><a data-elementor-open-lightbox=\"yes\" data-elementor-lightbox-slideshow=\"27e5b52\" data-elementor-lightbox-title=\"Gymnastique masculine Gymnamic\" href=\"https:\/\/gymnamic.org\/wp-content\/uploads\/2021\/06\/gam-9.jpg\"><figure class=\"swiper-slide-inner\"><img class=\"swiper-slide-image\" src=\"https:\/\/gymnamic.org\/wp-content\/uploads\/2021\/06\/gam-9-150x150.jpg\" alt=\"Gymnastique masculine Gymnamic\" \/><\/figure><\/a><\/div><div class=\"swiper-slide\"><a data-elementor-open-lightbox=\"yes\" data-elementor-lightbox-slideshow=\"27e5b52\" data-elementor-lightbox-title=\"gam7\" href=\"https:\/\/gymnamic.org\/wp-content\/uploads\/2021\/06\/gam7.jpg\"><figure class=\"swiper-slide-inner\"><img class=\"swiper-slide-image\" src=\"https:\/\/gymnamic.org\/wp-content\/uploads\/2021\/06\/gam7-150x150.jpg\" alt=\"gam7\" \/><\/figure><\/a><\/div><div class=\"swiper-slide\"><a data-elementor-open-lightbox=\"yes\" data-elementor-lightbox-slideshow=\"27e5b52\" data-elementor-lightbox-title=\"gfam 6\" href=\"https:\/\/gymnamic.org\/wp-content\/uploads\/2021\/06\/gfam-6.jpg\"><figure class=\"swiper-slide-inner\"><img class=\"swiper-slide-image\" src=\"https:\/\/gymnamic.org\/wp-content\/uploads\/2021\/06\/gfam-6-150x150.jpg\" alt=\"gfam 6\" \/><\/figure><\/a><\/div>\t\t\t<\/div>\n\t\t\t\t\t\t\t\t\t\t\t\t<div class=\"swiper-pagination\"><\/div>\n\t\t\t\t\t\t\t\t\t\t\t\t\t<div class=\"elementor-swiper-button elementor-swiper-button-prev\">\n\t\t\t\t\t\t<i class=\"eicon-chevron-left\" aria-hidden=\"true\"><\/i>\n\t\t\t\t\t\t<span class=\"elementor-screen-only\">Previous<\/span>\n\t\t\t\t\t<\/div>\n\t\t\t\t\t<div class=\"elementor-swiper-button elementor-swiper-button-next\">\n\t\t\t\t\t\t<i class=\"eicon-chevron-right\" aria-hidden=\"true\"><\/i>\n\t\t\t\t\t\t<span class=\"elementor-screen-only\">Next<\/span>\n\t\t\t\t\t<\/div>\n\t\t\t\t\t\t\t\t\t<\/div>\n\t\t\t\t<\/div>\n\t\t\t\t<\/div>\n\t\t\t\t<div class=\"elementor-element elementor-element-142be5a elementor-widget elementor-widget-text-editor\" data-id=\"142be5a\" data-element_type=\"widget\" data-widget_type=\"text-editor.default\">\n\t\t\t\t<div class=\"elementor-widget-container\">\n\t\t\t\t\t<div class=\"elementor-text-editor elementor-clearfix\"><p>Pour toutes informations suppl\u00e9mentaires, veuillez <a href=\"https:\/\/gymnamic.org\/?page_id=9\">contacter notre administration<\/a> sur les heures d&#8217;ouvertures.\u00a0<\/p><\/div>\n\t\t\t\t<\/div>\n\t\t\t\t<\/div>\n\t\t\t\t\t<\/div>\n\t\t<\/div>\n\t\t\t\t\t\t\t<\/div>\n\t\t<\/section>\n\t\t\t\t\t\t<\/div>\n\t\t\t\t\t<\/div>\n\t\t","protected":false},"excerpt":{"rendered":"<p>Le secteur comp\u00e9titif masculin \u00e0 Gymnamic, regroupe des athl\u00e8tes de la rel\u00e8ve jusqu&#8217;au niveau national. Secteur offert au club Gymnamic Rel\u00e8ve Les athl\u00e8tes du secteur rel\u00e8ve masculin ont entre 4 et 7 ans. Ces jeunes, recrut\u00e9s lors des auditions et dans le secteur \u00e9ducatif, se pr\u00e9parent \u00e0 comp\u00e9titionner au secteur provincial ou r\u00e9gional lorsqu\u2019ils auront [&hellip;]<\/p>\n","protected":false},"author":1,"featured_media":0,"parent":5,"menu_order":2,"comment_status":"closed","ping_status":"closed","template":"","meta":[],"_links":{"self":[{"href":"https:\/\/gymnamic.org\/index.php?rest_route=\/wp\/v2\/pages\/76"}],"collection":[{"href":"https:\/\/gymnamic.org\/index.php?rest_route=\/wp\/v2\/pages"}],"about":[{"href":"https:\/\/gymnamic.org\/index.php?rest_route=\/wp\/v2\/types\/page"}],"author":[{"embeddable":true,"href":"https:\/\/gymnamic.org\/index.php?rest_route=\/wp\/v2\/users\/1"}],"replies":[{"embeddable":true,"href":"https:\/\/gymnamic.org\/index.php?rest_route=%2Fwp%2Fv2%2Fcomments&post=76"}],"version-history":[{"count":34,"href":"https:\/\/gymnamic.org\/index.php?rest_route=\/wp\/v2\/pages\/76\/revisions"}],"predecessor-version":[{"id":711,"href":"https:\/\/gymnamic.org\/index.php?rest_route=\/wp\/v2\/pages\/76\/revisions\/711"}],"up":[{"embeddable":true,"href":"https:\/\/gymnamic.org\/index.php?rest_route=\/wp\/v2\/pages\/5"}],"wp:attachment":[{"href":"https:\/\/gymnamic.org\/index.php?rest_route=%2Fwp%2Fv2%2Fmedia&parent=76"}],"curies":[{"name":"wp","href":"https:\/\/api.w.org\/{rel}","templated":true}]}}