{"id":7,"date":"2021-02-15T16:23:55","date_gmt":"2021-02-15T21:23:55","guid":{"rendered":"http:\/\/id42.sytes.net:9000\/?page_id=7"},"modified":"2024-07-29T15:09:34","modified_gmt":"2024-07-29T19:09:34","slug":"recreatif","status":"publish","type":"page","link":"https:\/\/gymnamic.org\/?page_id=7","title":{"rendered":"R\u00e9cr\u00e9atif"},"content":{"rendered":"\t\t<div data-elementor-type=\"wp-page\" data-elementor-id=\"7\" class=\"elementor elementor-7\" data-elementor-settings=\"[]\">\n\t\t\t\t\t\t\t<div class=\"elementor-section-wrap\">\n\t\t\t\t\t\t\t<section class=\"elementor-section elementor-top-section elementor-element elementor-element-408b3e7 elementor-section-boxed elementor-section-height-default elementor-section-height-default\" data-id=\"408b3e7\" data-element_type=\"section\">\n\t\t\t\t\t\t<div class=\"elementor-container elementor-column-gap-default\">\n\t\t\t\t\t<div class=\"elementor-column elementor-col-100 elementor-top-column elementor-element elementor-element-32e3755f\" data-id=\"32e3755f\" data-element_type=\"column\">\n\t\t\t<div class=\"elementor-widget-wrap elementor-element-populated\">\n\t\t\t\t\t\t\t\t<div class=\"elementor-element elementor-element-7de34328 elementor-widget elementor-widget-text-editor\" data-id=\"7de34328\" data-element_type=\"widget\" data-widget_type=\"text-editor.default\">\n\t\t\t\t<div class=\"elementor-widget-container\">\n\t\t\t\t\t<div class=\"elementor-text-editor elementor-clearfix\"><p><strong>Gymnamic est un club de gymnastique artistique mixte. <\/strong>Dans notre secteur \u00e9ducatif, nous offrons des cours pour les tout petits \u00e0 partir de 18 mois jusqu&#8217;aux adultes de tous les \u00e2ges.<\/p>\n<p><!-- \/wp:paragraph --><\/p>\n<p><!-- wp:paragraph --><\/p>\n<p>De <strong>18 mois \u00e0 5 ans<\/strong>, les filles et les gar\u00e7ons ont des cours communs afin d&#8217;apprendre la base qui est la m\u00eame. Vous trouverez plus d&#8217;informations dans la section Petite Enfance. \u00c0 partir de <strong>6 ans et +<\/strong>, ils sont s\u00e9par\u00e9s pour permettre de se sp\u00e9cialiser aux appareils qui correspond \u00e0 leur sexe. Nous offrons \u00e9galement des <strong>cours pour les adultes<\/strong> de tous les niveaux.&nbsp;<\/p>\n<p><!-- \/wp:paragraph --><\/p>\n<p><!-- wp:paragraph --><\/p>\n<p><strong>Nous avons 3 sessions au cours de l&#8217;ann\u00e9e.<\/strong><\/p>\n<p><!-- \/wp:paragraph --><\/p>\n<p><!-- wp:list --><\/p>\n<ul>\n<li>La session d&#8217;hiver : d\u00e9but janvier \u00e0 fin mars.<\/li>\n<li>La session de printemps : d\u00e9but avril \u00e0 d\u00e9but juin.<\/li>\n<li>La session d&#8217;automne : D\u00e9but septembre \u00e0 mi-d\u00e9cembre.<\/li>\n<\/ul>\n<p><!-- \/wp:list --><\/p>\n<p><!-- wp:paragraph --><\/p>\n<p>Les cours se donnent principalement dans le jour la fin de semaine et les soirs de semaines. Vous pouvez choisir l\u2019heure et le jour qui vous convient lors de l\u2019inscription.<\/p>\n<p><b>Pour plus d&#8217;informations, consultez le <a href=\"https:\/\/gymnamic.org\/?page_id=633\">Guide Informatif Automne 2024<\/a>.<\/b><\/p>\n<p><!-- \/wp:paragraph --><\/p><\/div>\n\t\t\t\t<\/div>\n\t\t\t\t<\/div>\n\t\t\t\t<div class=\"elementor-element elementor-element-6f31195 elementor-align-center elementor-widget elementor-widget-button\" data-id=\"6f31195\" data-element_type=\"widget\" data-widget_type=\"button.default\">\n\t\t\t\t<div class=\"elementor-widget-container\">\n\t\t\t\t\t<div class=\"elementor-button-wrapper\">\n\t\t\t<a href=\"https:\/\/www.qidigo.com\/u\/Club-de-gymnastique-Gymnamic\/activities\/session\" class=\"elementor-button-link elementor-button elementor-size-sm\" role=\"button\">\n\t\t\t\t\t\t<span class=\"elementor-button-content-wrapper\">\n\t\t\t\t\t\t<span class=\"elementor-button-text\">Inscription<\/span>\n\t\t<\/span>\n\t\t\t\t\t<\/a>\n\t\t<\/div>\n\t\t\t\t<\/div>\n\t\t\t\t<\/div>\n\t\t\t\t<div class=\"elementor-element elementor-element-231d2ee elementor-arrows-position-inside elementor-pagination-position-outside elementor-widget elementor-widget-image-carousel\" data-id=\"231d2ee\" data-element_type=\"widget\" data-settings=\"{&quot;slides_to_show&quot;:&quot;5&quot;,&quot;navigation&quot;:&quot;both&quot;,&quot;autoplay&quot;:&quot;yes&quot;,&quot;pause_on_hover&quot;:&quot;yes&quot;,&quot;pause_on_interaction&quot;:&quot;yes&quot;,&quot;autoplay_speed&quot;:5000,&quot;infinite&quot;:&quot;yes&quot;,&quot;speed&quot;:500}\" data-widget_type=\"image-carousel.default\">\n\t\t\t\t<div class=\"elementor-widget-container\">\n\t\t\t\t\t<div class=\"elementor-image-carousel-wrapper swiper-container\" dir=\"ltr\">\n\t\t\t<div class=\"elementor-image-carousel swiper-wrapper\">\n\t\t\t\t<div class=\"swiper-slide\"><a data-elementor-open-lightbox=\"yes\" data-elementor-lightbox-slideshow=\"231d2ee\" data-elementor-lightbox-title=\"r\u00e9cr\u00e9atif\" href=\"https:\/\/gymnamic.org\/wp-content\/uploads\/2021\/06\/recreatif.jpg\"><figure class=\"swiper-slide-inner\"><img class=\"swiper-slide-image\" src=\"https:\/\/gymnamic.org\/wp-content\/uploads\/2021\/06\/recreatif-150x150.jpg\" alt=\"r\u00e9cr\u00e9atif\" \/><\/figure><\/a><\/div><div class=\"swiper-slide\"><a data-elementor-open-lightbox=\"yes\" data-elementor-lightbox-slideshow=\"231d2ee\" data-elementor-lightbox-title=\"r\u00e9cr\u00e9atif 3\" href=\"https:\/\/gymnamic.org\/wp-content\/uploads\/2021\/06\/recreatif-3.jpg\"><figure class=\"swiper-slide-inner\"><img class=\"swiper-slide-image\" src=\"https:\/\/gymnamic.org\/wp-content\/uploads\/2021\/06\/recreatif-3-150x150.jpg\" alt=\"r\u00e9cr\u00e9atif 3\" \/><\/figure><\/a><\/div><div class=\"swiper-slide\"><a data-elementor-open-lightbox=\"yes\" data-elementor-lightbox-slideshow=\"231d2ee\" data-elementor-lightbox-title=\"r\u00e9cr\u00e9atif 2\" href=\"https:\/\/gymnamic.org\/wp-content\/uploads\/2021\/06\/recreatif-2.jpg\"><figure class=\"swiper-slide-inner\"><img class=\"swiper-slide-image\" src=\"https:\/\/gymnamic.org\/wp-content\/uploads\/2021\/06\/recreatif-2-150x150.jpg\" alt=\"r\u00e9cr\u00e9atif 2\" \/><\/figure><\/a><\/div><div class=\"swiper-slide\"><a data-elementor-open-lightbox=\"yes\" data-elementor-lightbox-slideshow=\"231d2ee\" data-elementor-lightbox-title=\"REC 2\" href=\"https:\/\/gymnamic.org\/wp-content\/uploads\/2021\/06\/REC-2.jpg\"><figure class=\"swiper-slide-inner\"><img class=\"swiper-slide-image\" src=\"https:\/\/gymnamic.org\/wp-content\/uploads\/2021\/06\/REC-2-150x150.jpg\" alt=\"REC 2\" \/><\/figure><\/a><\/div><div class=\"swiper-slide\"><a data-elementor-open-lightbox=\"yes\" data-elementor-lightbox-slideshow=\"231d2ee\" data-elementor-lightbox-title=\"REC 3\" href=\"https:\/\/gymnamic.org\/wp-content\/uploads\/2021\/06\/REC-3.jpg\"><figure class=\"swiper-slide-inner\"><img class=\"swiper-slide-image\" src=\"https:\/\/gymnamic.org\/wp-content\/uploads\/2021\/06\/REC-3-150x150.jpg\" alt=\"REC 3\" \/><\/figure><\/a><\/div><div class=\"swiper-slide\"><a data-elementor-open-lightbox=\"yes\" data-elementor-lightbox-slideshow=\"231d2ee\" data-elementor-lightbox-title=\"REC 4\" href=\"https:\/\/gymnamic.org\/wp-content\/uploads\/2021\/06\/REC-4.jpg\"><figure class=\"swiper-slide-inner\"><img class=\"swiper-slide-image\" src=\"https:\/\/gymnamic.org\/wp-content\/uploads\/2021\/06\/REC-4-150x150.jpg\" alt=\"REC 4\" \/><\/figure><\/a><\/div><div class=\"swiper-slide\"><a data-elementor-open-lightbox=\"yes\" data-elementor-lightbox-slideshow=\"231d2ee\" data-elementor-lightbox-title=\"REC 5\" href=\"https:\/\/gymnamic.org\/wp-content\/uploads\/2021\/06\/REC-5.jpg\"><figure class=\"swiper-slide-inner\"><img class=\"swiper-slide-image\" src=\"https:\/\/gymnamic.org\/wp-content\/uploads\/2021\/06\/REC-5-150x150.jpg\" alt=\"REC 5\" \/><\/figure><\/a><\/div><div class=\"swiper-slide\"><a data-elementor-open-lightbox=\"yes\" data-elementor-lightbox-slideshow=\"231d2ee\" data-elementor-lightbox-title=\"REC 6\" href=\"https:\/\/gymnamic.org\/wp-content\/uploads\/2021\/06\/REC-6.jpg\"><figure class=\"swiper-slide-inner\"><img class=\"swiper-slide-image\" src=\"https:\/\/gymnamic.org\/wp-content\/uploads\/2021\/06\/REC-6-150x150.jpg\" alt=\"REC 6\" \/><\/figure><\/a><\/div><div class=\"swiper-slide\"><a data-elementor-open-lightbox=\"yes\" data-elementor-lightbox-slideshow=\"231d2ee\" data-elementor-lightbox-title=\"REC 7\" href=\"https:\/\/gymnamic.org\/wp-content\/uploads\/2021\/06\/REC-7.jpg\"><figure class=\"swiper-slide-inner\"><img class=\"swiper-slide-image\" src=\"https:\/\/gymnamic.org\/wp-content\/uploads\/2021\/06\/REC-7-150x150.jpg\" alt=\"REC 7\" \/><\/figure><\/a><\/div><div class=\"swiper-slide\"><a data-elementor-open-lightbox=\"yes\" data-elementor-lightbox-slideshow=\"231d2ee\" data-elementor-lightbox-title=\"REC 8\" href=\"https:\/\/gymnamic.org\/wp-content\/uploads\/2021\/06\/REC-8.jpg\"><figure class=\"swiper-slide-inner\"><img class=\"swiper-slide-image\" src=\"https:\/\/gymnamic.org\/wp-content\/uploads\/2021\/06\/REC-8-150x150.jpg\" alt=\"REC 8\" \/><\/figure><\/a><\/div><div class=\"swiper-slide\"><a data-elementor-open-lightbox=\"yes\" data-elementor-lightbox-slideshow=\"231d2ee\" data-elementor-lightbox-title=\"REC\" href=\"https:\/\/gymnamic.org\/wp-content\/uploads\/2021\/06\/REC.jpg\"><figure class=\"swiper-slide-inner\"><img class=\"swiper-slide-image\" src=\"https:\/\/gymnamic.org\/wp-content\/uploads\/2021\/06\/REC-150x150.jpg\" alt=\"REC\" \/><\/figure><\/a><\/div>\t\t\t<\/div>\n\t\t\t\t\t\t\t\t\t\t\t\t<div class=\"swiper-pagination\"><\/div>\n\t\t\t\t\t\t\t\t\t\t\t\t\t<div class=\"elementor-swiper-button elementor-swiper-button-prev\">\n\t\t\t\t\t\t<i class=\"eicon-chevron-left\" aria-hidden=\"true\"><\/i>\n\t\t\t\t\t\t<span class=\"elementor-screen-only\">Previous<\/span>\n\t\t\t\t\t<\/div>\n\t\t\t\t\t<div class=\"elementor-swiper-button elementor-swiper-button-next\">\n\t\t\t\t\t\t<i class=\"eicon-chevron-right\" aria-hidden=\"true\"><\/i>\n\t\t\t\t\t\t<span class=\"elementor-screen-only\">Next<\/span>\n\t\t\t\t\t<\/div>\n\t\t\t\t\t\t\t\t\t<\/div>\n\t\t\t\t<\/div>\n\t\t\t\t<\/div>\n\t\t\t\t<div class=\"elementor-element elementor-element-401623d elementor-widget elementor-widget-toggle\" data-id=\"401623d\" data-element_type=\"widget\" data-widget_type=\"toggle.default\">\n\t\t\t\t<div class=\"elementor-widget-container\">\n\t\t\t\t\t<div class=\"elementor-toggle\" role=\"tablist\">\n\t\t\t\t\t\t\t<div class=\"elementor-toggle-item\">\n\t\t\t\t\t<div id=\"elementor-tab-title-6711\" class=\"elementor-tab-title\" data-tab=\"1\" role=\"tab\" aria-controls=\"elementor-tab-content-6711\">\n\t\t\t\t\t\t\t\t\t\t\t\t<a href=\"\" class=\"elementor-toggle-title\">Petite enfance<\/a>\n\t\t\t\t\t<\/div>\n\t\t\t\t\t<div id=\"elementor-tab-content-6711\" class=\"elementor-tab-content elementor-clearfix\" data-tab=\"1\" role=\"tabpanel\" aria-labelledby=\"elementor-tab-title-6711\"><h4>Kaboom (18-47 mois)<\/h4>\n<p>Ce cours parent-enfant est d&#8217;une dur\u00e9e de 1h. Les jeunes d\u00e9veloppent leur motricit\u00e9, leur coordination et le plaisir de la gymnastique dans un environnement s\u00e9curitaire. La participation d&#8217;un parent est obligatoire pour guider l&#8217;enfant et l&#8217;accompagner dans les divers ateliers con\u00e7us par un entra\u00eeneur qualifi\u00e9 et dynamique.<\/p>\n<p>Dur\u00e9e: 1h<\/p>\n<p>Horaire : Plusieurs cours sont disponibles selon la tranche d&#8217;\u00e2ge de l&#8217;enfant, samedi ou dimanche matin<\/p>\n<h4>Cabriole (4-5 ans)<\/h4>\n<p>Ce cours est offert aux enfants de 4-5 ans qui en sont \u00e0 leur premier cours sans parent ou \u00e0 leur premier cours de gymnastique. Ce cours, d&#8217;une dur\u00e9e de 1h, permet \u00e0 l&#8217;enfant de d\u00e9velopper son autonomie et son amour pour la gymnastique dans un environnement ad\u00e9quat pour son niveau.<\/p>\n<p>Dur\u00e9e : 1h<\/p>\n<p>Horaire : Samedi et dimanche matin<\/p>\n<p><\/p><\/div>\n\t\t\t\t<\/div>\n\t\t\t\t\t\t\t<div class=\"elementor-toggle-item\">\n\t\t\t\t\t<div id=\"elementor-tab-title-6712\" class=\"elementor-tab-title\" data-tab=\"2\" role=\"tab\" aria-controls=\"elementor-tab-content-6712\">\n\t\t\t\t\t\t\t\t\t\t\t\t<a href=\"\" class=\"elementor-toggle-title\">6 ans et +<\/a>\n\t\t\t\t\t<\/div>\n\t\t\t\t\t<div id=\"elementor-tab-content-6712\" class=\"elementor-tab-content elementor-clearfix\" data-tab=\"2\" role=\"tabpanel\" aria-labelledby=\"elementor-tab-title-6712\"><p>\u00c0 partir de cet \u00e2ge, les jeunes sont divis\u00e9es selon leur sexe et selon leur niveau. D\u00e8s leur arriv\u00e9e dans cette division, qu&#8217;ils aient fait de la gymnastique dans les groupes de petite enfance ou que ce soit leur premier cours de gymnastique, ils commencent tous dans le groupe Culbute niveau 1-2. Ensuite, \u00e0 chaque fin de session, l&#8217;entra\u00eeneur \u00e9value l&#8217;enfant afin de savoir s&#8217;il peut passer au niveau suivant.<\/p>\n<h3>Filles<\/h3>\n<h4>Culbute niveau 1-2<\/h4>\n<p>Ce cours est con\u00e7u pour tous les jeunes qui viennent d&#8217;avoir 6 ans ou tous les jeunes qui en sont \u00e0 leur premier cours de gymnastique. Durant le cours, les jeunes s&#8217;entra\u00eenent sur les quatre appareils de la gymnastique artistique f\u00e9minine (saut de cheval, barres asym\u00e9triques, poutre et sol) en plus du trampoline. Les entra\u00eeneurs adaptent les ateliers et les circuits en fonction du niveau des athl\u00e8tes afin qu&#8217;ils aient du plaisir et du d\u00e9fi.<\/p>\n<p>Pr\u00e9requis : 6 ans et +<\/p>\n<p>Dur\u00e9e : 2h<\/p>\n<p>Horaire : De jour de fin de semaine ou les soirs de semaine<\/p>\n<h4>Culbute niveau 3-4-5<\/h4>\n<p>Ce cours est pour les athl\u00e8tes ayant fait le culbute niveau 1-2\u00a0 et ayant r\u00e9ussi \u00e0 passer le niveau 2. Les athl\u00e8tes d\u00e9veloppent leurs habilet\u00e9s gymniques sur les quatre engins de la gymnastique artistique f\u00e9minine (saut de cheval, barres asym\u00e9triques, poutre et sol) ainsi que le trampoline. Les entra\u00eeneurs con\u00e7oivent des circuits et des ateliers pour que les athl\u00e8tes se d\u00e9veloppent en s\u00e9curit\u00e9 et dans le plaisir.<\/p>\n<p>Pr\u00e9requis : Avoir plus de\u00a0 6 ans et avoir r\u00e9ussi le niveau 2<\/p>\n<p>Dur\u00e9e : 2h<\/p>\n<p>Horaire : De jour de fin de semaine ou les soirs de semaine<\/p>\n<h4>Flic-flac niveau 6-7-8<\/h4>\n<p>Le cours flic-flac est la continuit\u00e9 des groupes culbute. Seulement, ayant un niveau plus avanc\u00e9, le cours est d&#8217;une dur\u00e9e de 3h afin de permettre aux jeunes de d\u00e9velopper leurs habilet\u00e9s gymniques davantage. Toujours dans un environnement s\u00e9curitaire, les entra\u00eeneurs con\u00e7oivent des ateliers et des circuits pour que les jeunes aient du plaisir en pratiquant la gymnastique.<\/p>\n<p>Pr\u00e9requis : Avoir r\u00e9ussi le niveau 5<\/p>\n<p>Dur\u00e9e : 3h\u00a0<\/p>\n<p>Horaire : De jour samedi ou dimanche<\/p>\n<h4>Streuli niveau 9 et +<\/h4>\n<p>Le cours streuli est con\u00e7u pour les jeunes voulant pousser leur apprentissage de la gymnastique. Dans ce cours, les jeunes d\u00e9velopperont leur flexibilit\u00e9 et leur force musculaire qui sont des \u00e9l\u00e9ments cl\u00e9s dans la poursuite de leur apprentissage gymnique. Ce groupe s&#8217;entra\u00eene deux fois par semaine pendant 3h.<\/p>\n<p>Pr\u00e9requis : Avoir r\u00e9ussi le niveau 8<\/p>\n<p>Dur\u00e9e : 6h par semaine r\u00e9partit sur 2 s\u00e9ances<\/p>\n<p>Horaire : Un cours de jour de fin de semaine et un cours de soir de semaine<\/p>\n<h3>Gar\u00e7ons<\/h3>\n<h4>Culbute niveau 1-2<\/h4>\n<div>\n<p>Ce cours est con\u00e7u pour tous les jeunes qui viennent d&#8217;avoir 6 ans ou tous les jeunes qui en sont \u00e0 leur premier cours de gymnastique. Durant le cours, les jeunes s&#8217;entra\u00eenent sur les six appareils de la gymnastique artistique masculine (sol, ar\u00e7ons, anneaux, saut de cheval, barres parall\u00e8les, barre fixe) en plus du trampoline. Les entra\u00eeneurs adaptent les ateliers et les circuits en fonction du niveau des athl\u00e8tes afin qu&#8217;ils aient du plaisir et du d\u00e9fi.<\/p>\n<p>Pr\u00e9requis : 6 ans et +<\/p>\n<p>Dur\u00e9e : 2h<\/p>\n<p>Horaire : De jour de fin de semaine ou les soirs de semaine<\/p>\n<\/div>\n<h4>Culbute niveau 3 et +\u00a0<\/h4>\n<div>\n<p>Ce cours est pour les athl\u00e8tes ayant fait le culbute niveau 1-2\u00a0 et ayant r\u00e9ussi \u00e0 passer le niveau 2. Les athl\u00e8tes d\u00e9veloppent leurs habilet\u00e9s gymniques sur les six appareils de la gymnastique artistique masculine (sol, ar\u00e7ons, anneaux, saut de cheval, barres parall\u00e8les, barre fixe)\u00a0ainsi que le trampoline. Les entra\u00eeneurs con\u00e7oivent des circuits et des ateliers pour que les athl\u00e8tes se d\u00e9veloppent en s\u00e9curit\u00e9 et dans le plaisir.<\/p>\n<p>Pr\u00e9requis : Avoir plus de\u00a0 6 ans et avoir r\u00e9ussi le niveau 2<\/p>\n<p>Dur\u00e9e : 2h<\/p>\n<p>Horaire : De jour de fin de semaine ou les soirs de semaine<\/p>\n<\/div><\/div>\n\t\t\t\t<\/div>\n\t\t\t\t\t<\/div>\n\t\t\t\t<\/div>\n\t\t\t\t<\/div>\n\t\t\t\t<div class=\"elementor-element elementor-element-f82a94a elementor-widget elementor-widget-image\" data-id=\"f82a94a\" data-element_type=\"widget\" data-widget_type=\"image.default\">\n\t\t\t\t<div class=\"elementor-widget-container\">\n\t\t\t\t\t<div class=\"elementor-image\">\n\t\t\t\t\t\t\t\t\t\t\t<a href=\"https:\/\/gymnamic.org\/wp-content\/uploads\/2023\/08\/Lascension-gymnique.png\" data-elementor-open-lightbox=\"yes\" data-elementor-lightbox-title=\"Lascension-gymnique\">\n\t\t\t\t\t\t\t<img width=\"1024\" height=\"534\" src=\"https:\/\/gymnamic.org\/wp-content\/uploads\/2023\/08\/Lascension-gymnique-1024x534.png\" class=\"attachment-large size-large\" alt=\"\" loading=\"lazy\" srcset=\"https:\/\/gymnamic.org\/wp-content\/uploads\/2023\/08\/Lascension-gymnique-1024x534.png 1024w, https:\/\/gymnamic.org\/wp-content\/uploads\/2023\/08\/Lascension-gymnique-300x156.png 300w, https:\/\/gymnamic.org\/wp-content\/uploads\/2023\/08\/Lascension-gymnique-768x400.png 768w, https:\/\/gymnamic.org\/wp-content\/uploads\/2023\/08\/Lascension-gymnique.png 1727w\" sizes=\"(max-width: 1024px) 100vw, 1024px\" \/>\t\t\t\t\t\t\t\t<\/a>\n\t\t\t\t\t\t\t\t\t\t\t<\/div>\n\t\t\t\t<\/div>\n\t\t\t\t<\/div>\n\t\t\t\t<div class=\"elementor-element elementor-element-256f2e8 elementor-widget elementor-widget-toggle\" data-id=\"256f2e8\" data-element_type=\"widget\" data-widget_type=\"toggle.default\">\n\t\t\t\t<div class=\"elementor-widget-container\">\n\t\t\t\t\t<div class=\"elementor-toggle\" role=\"tablist\">\n\t\t\t\t\t\t\t<div class=\"elementor-toggle-item\">\n\t\t\t\t\t<div id=\"elementor-tab-title-3921\" class=\"elementor-tab-title\" data-tab=\"1\" role=\"tab\" aria-controls=\"elementor-tab-content-3921\">\n\t\t\t\t\t\t\t\t\t\t\t\t<span class=\"elementor-toggle-icon elementor-toggle-icon-left\" aria-hidden=\"true\">\n\t\t\t\t\t\t\t\t\t\t\t\t\t\t\t<span class=\"elementor-toggle-icon-closed\"><i class=\"fas fa-caret-right\"><\/i><\/span>\n\t\t\t\t\t\t\t\t<span class=\"elementor-toggle-icon-opened\"><i class=\"elementor-toggle-icon-opened fas fa-caret-up\"><\/i><\/span>\n\t\t\t\t\t\t\t\t\t\t\t\t\t<\/span>\n\t\t\t\t\t\t\t\t\t\t\t\t<a href=\"\" class=\"elementor-toggle-title\">Gym-Adulte<\/a>\n\t\t\t\t\t<\/div>\n\t\t\t\t\t<div id=\"elementor-tab-content-3921\" class=\"elementor-tab-content elementor-clearfix\" data-tab=\"1\" role=\"tabpanel\" aria-labelledby=\"elementor-tab-title-3921\"><p>Ce cours est ouvert \u00e0 tous les adultes de 16 ans et + peu importe le niveau et l&#8217;exp\u00e9rience en gymnastique. Dans ce cours de 2h, chaque personne est invit\u00e9e \u00e0 choisir des objectifs personnels avec l&#8217;entra\u00eeneur. Celui-ci con\u00e7oit ensuite l&#8217;entra\u00eenement en fonction des objectifs de chacun.<\/p>\n<p>Pr\u00e9requis : Aucun<\/p>\n<p>Dur\u00e9e : 2h\u00a0<\/p>\n<p>Horaire : Mardi soir de 19h30 \u00e0 21h30<\/p><\/div>\n\t\t\t\t<\/div>\n\t\t\t\t\t<\/div>\n\t\t\t\t<\/div>\n\t\t\t\t<\/div>\n\t\t\t\t\t<\/div>\n\t\t<\/div>\n\t\t\t\t\t\t\t<\/div>\n\t\t<\/section>\n\t\t\t\t<section class=\"elementor-section elementor-top-section elementor-element elementor-element-29d6217 elementor-section-boxed elementor-section-height-default elementor-section-height-default\" data-id=\"29d6217\" data-element_type=\"section\">\n\t\t\t\t\t\t<div class=\"elementor-container elementor-column-gap-default\">\n\t\t\t\t\t<div class=\"elementor-column elementor-col-100 elementor-top-column elementor-element elementor-element-a775a10\" data-id=\"a775a10\" data-element_type=\"column\">\n\t\t\t<div class=\"elementor-widget-wrap elementor-element-populated\">\n\t\t\t\t\t\t\t\t<div class=\"elementor-element elementor-element-7664c7f elementor-widget elementor-widget-heading\" data-id=\"7664c7f\" data-element_type=\"widget\" data-widget_type=\"heading.default\">\n\t\t\t\t<div class=\"elementor-widget-container\">\n\t\t\t<h2 class=\"elementor-heading-title elementor-size-default\"><span style=\"color: rgb(122, 122, 122); font-weight: 500; white-space: normal;\">Inscription pour la session de printemps 2024<\/span><\/h2>\t\t<\/div>\n\t\t\t\t<\/div>\n\t\t\t\t<div class=\"elementor-element elementor-element-dc10301 elementor-widget elementor-widget-text-editor\" data-id=\"dc10301\" data-element_type=\"widget\" data-widget_type=\"text-editor.default\">\n\t\t\t\t<div class=\"elementor-widget-container\">\n\t\t\t\t\t<div class=\"elementor-text-editor elementor-clearfix\"><p>Les inscriptions pour la session de printemps 2024 d\u00e9buteront le <b>18 mars <\/b>d\u00e8s<b> 8h30<\/b> pour les membres, c&#8217;est-\u00e0-dire&nbsp;<span style=\"font-family: var( --e-global-typography-text-font-family ), Sans-serif; font-weight: var( --e-global-typography-text-font-weight );\">les personnes ayant \u00e9t\u00e9 inscrites \u00e0 l&#8217;une des deux derni\u00e8res sessions r\u00e9cr\u00e9atives (Automne 2023 et\/ou Hiver 2024),&nbsp;<\/span><span style=\"font-family: var( --e-global-typography-text-font-family ), Sans-serif; font-weight: var( --e-global-typography-text-font-weight );\">et le <\/span><span style=\"font-family: var( --e-global-typography-text-font-family ), Sans-serif;\"><b>19 mars<\/b> \u00e0 <b>8h30 <\/b><\/span><span style=\"font-family: var( --e-global-typography-text-font-family ), Sans-serif; font-weight: var( --e-global-typography-text-font-weight );\">pour les nouvelles inscriptions.<\/span><\/p><\/div>\n\t\t\t\t<\/div>\n\t\t\t\t<\/div>\n\t\t\t\t<div class=\"elementor-element elementor-element-0214097 elementor-align-center elementor-widget elementor-widget-button\" data-id=\"0214097\" data-element_type=\"widget\" data-widget_type=\"button.default\">\n\t\t\t\t<div class=\"elementor-widget-container\">\n\t\t\t\t\t<div class=\"elementor-button-wrapper\">\n\t\t\t<a href=\"https:\/\/www.qidigo.com\/u\/Club-de-gymnastique-Gymnamic\/activities\/session\" class=\"elementor-button-link elementor-button elementor-size-sm\" role=\"button\">\n\t\t\t\t\t\t<span class=\"elementor-button-content-wrapper\">\n\t\t\t\t\t\t<span class=\"elementor-button-text\">Inscription<\/span>\n\t\t<\/span>\n\t\t\t\t\t<\/a>\n\t\t<\/div>\n\t\t\t\t<\/div>\n\t\t\t\t<\/div>\n\t\t\t\t\t<\/div>\n\t\t<\/div>\n\t\t\t\t\t\t\t<\/div>\n\t\t<\/section>\n\t\t\t\t<section class=\"elementor-section elementor-top-section elementor-element elementor-element-80e30a4 elementor-section-boxed elementor-section-height-default elementor-section-height-default\" data-id=\"80e30a4\" data-element_type=\"section\">\n\t\t\t\t\t\t<div class=\"elementor-container elementor-column-gap-default\">\n\t\t\t\t\t<div class=\"elementor-column elementor-col-100 elementor-top-column elementor-element elementor-element-6316b9f\" data-id=\"6316b9f\" data-element_type=\"column\">\n\t\t\t<div class=\"elementor-widget-wrap elementor-element-populated\">\n\t\t\t\t\t\t\t\t<div class=\"elementor-element elementor-element-a35e348 elementor-widget elementor-widget-spacer\" data-id=\"a35e348\" data-element_type=\"widget\" data-widget_type=\"spacer.default\">\n\t\t\t\t<div class=\"elementor-widget-container\">\n\t\t\t\t\t<div class=\"elementor-spacer\">\n\t\t\t<div class=\"elementor-spacer-inner\"><\/div>\n\t\t<\/div>\n\t\t\t\t<\/div>\n\t\t\t\t<\/div>\n\t\t\t\t\t<\/div>\n\t\t<\/div>\n\t\t\t\t\t\t\t<\/div>\n\t\t<\/section>\n\t\t\t\t\t\t<\/div>\n\t\t\t\t\t<\/div>\n\t\t","protected":false},"excerpt":{"rendered":"<p>Gymnamic est un club de gymnastique artistique mixte. Dans notre secteur \u00e9ducatif, nous offrons des cours pour les tout petits \u00e0 partir de 18 mois jusqu&#8217;aux adultes de tous les \u00e2ges. De 18 mois \u00e0 5 ans, les filles et les gar\u00e7ons ont des cours communs afin d&#8217;apprendre la base qui est la m\u00eame. Vous [&hellip;]<\/p>\n","protected":false},"author":1,"featured_media":0,"parent":0,"menu_order":1,"comment_status":"closed","ping_status":"closed","template":"","meta":[],"_links":{"self":[{"href":"https:\/\/gymnamic.org\/index.php?rest_route=\/wp\/v2\/pages\/7"}],"collection":[{"href":"https:\/\/gymnamic.org\/index.php?rest_route=\/wp\/v2\/pages"}],"about":[{"href":"https:\/\/gymnamic.org\/index.php?rest_route=\/wp\/v2\/types\/page"}],"author":[{"embeddable":true,"href":"https:\/\/gymnamic.org\/index.php?rest_route=\/wp\/v2\/users\/1"}],"replies":[{"embeddable":true,"href":"https:\/\/gymnamic.org\/index.php?rest_route=%2Fwp%2Fv2%2Fcomments&post=7"}],"version-history":[{"count":115,"href":"https:\/\/gymnamic.org\/index.php?rest_route=\/wp\/v2\/pages\/7\/revisions"}],"predecessor-version":[{"id":1121,"href":"https:\/\/gymnamic.org\/index.php?rest_route=\/wp\/v2\/pages\/7\/revisions\/1121"}],"wp:attachment":[{"href":"https:\/\/gymnamic.org\/index.php?rest_route=%2Fwp%2Fv2%2Fmedia&parent=7"}],"curies":[{"name":"wp","href":"https:\/\/api.w.org\/{rel}","templated":true}]}}