{"id":61,"date":"2021-02-22T21:27:52","date_gmt":"2021-02-23T02:27:52","guid":{"rendered":"http:\/\/id42.sytes.net:9000\/?page_id=61"},"modified":"2026-03-24T09:52:56","modified_gmt":"2026-03-24T13:52:56","slug":"camp-de-jour","status":"publish","type":"page","link":"https:\/\/gymnamic.org\/?page_id=61","title":{"rendered":"Camp de jour"},"content":{"rendered":"\t\t<div data-elementor-type=\"wp-page\" data-elementor-id=\"61\" class=\"elementor elementor-61\" data-elementor-settings=\"[]\">\n\t\t\t\t\t\t\t<div class=\"elementor-section-wrap\">\n\t\t\t\t\t\t\t<section class=\"elementor-section elementor-top-section elementor-element elementor-element-26cb61e3 elementor-section-boxed elementor-section-height-default elementor-section-height-default\" data-id=\"26cb61e3\" data-element_type=\"section\">\n\t\t\t\t\t\t<div class=\"elementor-container elementor-column-gap-default\">\n\t\t\t\t\t<div class=\"elementor-column elementor-col-100 elementor-top-column elementor-element elementor-element-19f018a7\" data-id=\"19f018a7\" data-element_type=\"column\">\n\t\t\t<div class=\"elementor-widget-wrap elementor-element-populated\">\n\t\t\t\t\t\t\t\t<div class=\"elementor-element elementor-element-a9baee6 elementor-widget elementor-widget-text-editor\" data-id=\"a9baee6\" data-element_type=\"widget\" data-widget_type=\"text-editor.default\">\n\t\t\t\t<div class=\"elementor-widget-container\">\n\t\t\t\t\t<div class=\"elementor-text-editor elementor-clearfix\"><h3 class=\"elementor-heading-title elementor-size-default elementor-inline-editing pen\" style=\"font-family: var( --e-global-typography-primary-font-family ), Sans-serif; font-weight: var( --e-global-typography-primary-font-weight );\" data-elementor-setting-key=\"title\" data-pen-placeholder=\"Type Here...\">Venez vous amuser au Camp Gymnamic!<\/h3>\n<div>\u00a0<\/div>\n<p>Le camp Gymnamic fera vivre \u00e0 vos enfants un \u00e9t\u00e9 exceptionnel et tr\u00e8s actif. Au programme: initiation \u00e0 la gymnastique et activit\u00e9s vari\u00e9es selon la th\u00e9matique choisie. Encadr\u00e9s par une \u00e9quipe d\u2019animateurs dynamique, les enfants vivront un \u00e9t\u00e9 unique dans un environnement stimulant et s\u00e9curitaire. Rejoignez-nous du 23 juin au 15 ao\u00fbt 2025, pour 8 semaines de d\u00e9couverte et de plaisir.<\/p>\n<p>Voici les th\u00e9matiques offertes :<\/p><\/div>\n\t\t\t\t<\/div>\n\t\t\t\t<\/div>\n\t\t\t\t<div class=\"elementor-element elementor-element-90d22eb elementor-widget elementor-widget-toggle\" data-id=\"90d22eb\" data-element_type=\"widget\" data-widget_type=\"toggle.default\">\n\t\t\t\t<div class=\"elementor-widget-container\">\n\t\t\t\t\t<div class=\"elementor-toggle\" role=\"tablist\">\n\t\t\t\t\t\t\t<div class=\"elementor-toggle-item\">\n\t\t\t\t\t<div id=\"elementor-tab-title-1511\" class=\"elementor-tab-title\" data-tab=\"1\" role=\"tab\" aria-controls=\"elementor-tab-content-1511\">\n\t\t\t\t\t\t\t\t\t\t\t\t<a href=\"\" class=\"elementor-toggle-title\">M\u00e9li-M\u00e9lo<\/a>\n\t\t\t\t\t<\/div>\n\t\t\t\t\t<div id=\"elementor-tab-content-1511\" class=\"elementor-tab-content elementor-clearfix\" data-tab=\"1\" role=\"tabpanel\" aria-labelledby=\"elementor-tab-title-1511\"><p>Tu es pr\u00eat pour une semaine de pur plaisir? Cuisine, danse, cirque, bricolage et m\u00eame<br \/>sport! Cette th\u00e9matique, c\u2019est un v\u00e9ritable mixte de tout ce que tu aimes. Viens<br \/>t\u2019amuser, d\u00e9couvrir de nouvelles passions, et surtout, toucher \u00e0 tout. Pour une semaine<br \/>pleine de d\u00e9couvertes et de surprises, inscris-toi ici!<\/p><\/div>\n\t\t\t\t<\/div>\n\t\t\t\t\t\t\t<div class=\"elementor-toggle-item\">\n\t\t\t\t\t<div id=\"elementor-tab-title-1512\" class=\"elementor-tab-title\" data-tab=\"2\" role=\"tab\" aria-controls=\"elementor-tab-content-1512\">\n\t\t\t\t\t\t\t\t\t\t\t\t<a href=\"\" class=\"elementor-toggle-title\">Multisport <\/a>\n\t\t\t\t\t<\/div>\n\t\t\t\t\t<div id=\"elementor-tab-content-1512\" class=\"elementor-tab-content elementor-clearfix\" data-tab=\"2\" role=\"tabpanel\" aria-labelledby=\"elementor-tab-title-1512\"><p>Pr\u00eat \u00e0 exploser ton \u00e9nergie ? La th\u00e9matique multisports, c\u2019est LA semaine o\u00f9 tu repousses tes limites ! Au programme : soccer, basket, jeux de tags, d\u00e9fis d\u2019adresse, matchs et bien plus encore! Tu vas t\u2019amuser \u00e0 relever de nouveaux d\u00e9fis sportifs chaque jour. Pr\u00eat \u00e0 te surpasser ? Inscris-toi ici!<\/p><\/div>\n\t\t\t\t<\/div>\n\t\t\t\t\t\t\t<div class=\"elementor-toggle-item\">\n\t\t\t\t\t<div id=\"elementor-tab-title-1513\" class=\"elementor-tab-title\" data-tab=\"3\" role=\"tab\" aria-controls=\"elementor-tab-content-1513\">\n\t\t\t\t\t\t\t\t\t\t\t\t<a href=\"\" class=\"elementor-toggle-title\">Danse<\/a>\n\t\t\t\t\t<\/div>\n\t\t\t\t\t<div id=\"elementor-tab-content-1513\" class=\"elementor-tab-content elementor-clearfix\" data-tab=\"3\" role=\"tabpanel\" aria-labelledby=\"elementor-tab-title-1513\"><p>Choisir la th\u00e9matique danse, c&#8217;est te plonger dans un univers rythm\u00e9 et cr\u00e9atif ! Toute la<br \/>semaine, tu apprendras une chor\u00e9graphie originale o\u00f9 tu auras l\u2019occasion d\u2019aider \u00e0 la<br \/>cr\u00e9ation. Mais ce n\u2019est pas tout, tu participeras \u00e9galement \u00e0 des activit\u00e9s vari\u00e9es li\u00e9es \u00e0<br \/>la danse comme des bricolages, la cr\u00e9ation de costumes ou m\u00eame des activit\u00e9s sportives. De plus, tu auras l\u2019opportunit\u00e9 de pr\u00e9senter ta chor\u00e9graphie lors du spectacle du vendredi. Pour une semaine unique, inscris-toi ici !<\/p><\/div>\n\t\t\t\t<\/div>\n\t\t\t\t\t\t\t<div class=\"elementor-toggle-item\">\n\t\t\t\t\t<div id=\"elementor-tab-title-1514\" class=\"elementor-tab-title\" data-tab=\"4\" role=\"tab\" aria-controls=\"elementor-tab-content-1514\">\n\t\t\t\t\t\t\t\t\t\t\t\t<a href=\"\" class=\"elementor-toggle-title\">Bricolage<\/a>\n\t\t\t\t\t<\/div>\n\t\t\t\t\t<div id=\"elementor-tab-content-1514\" class=\"elementor-tab-content elementor-clearfix\" data-tab=\"4\" role=\"tabpanel\" aria-labelledby=\"elementor-tab-title-1514\"><p><span style=\"font-weight: 400;\">Pr\u00eat \u00e0 te transformer en artiste? Viens passer une semaine de bricolage COLOR\u00c9E et<br \/>ultra cr\u00e9ative ! Tu vas pouvoir cr\u00e9er des dessins, des collages, des peintures et plus<br \/>encore. Le meilleur ? \u00c0 la fin de la semaine, tu repartiras avec tes super cr\u00e9ations ! Pr\u00eat<br \/>\u00e0 laisser aller ton imagination ? Inscris-toi ici ! pourras ensuite repartir avec tes cr\u00e9ations \u00e0 la fin de la semaine.<\/span><\/p><\/div>\n\t\t\t\t<\/div>\n\t\t\t\t\t\t\t<div class=\"elementor-toggle-item\">\n\t\t\t\t\t<div id=\"elementor-tab-title-1515\" class=\"elementor-tab-title\" data-tab=\"5\" role=\"tab\" aria-controls=\"elementor-tab-content-1515\">\n\t\t\t\t\t\t\t\t\t\t\t\t<a href=\"\" class=\"elementor-toggle-title\">Pr\u00e9paration aide-animateur <\/a>\n\t\t\t\t\t<\/div>\n\t\t\t\t\t<div id=\"elementor-tab-content-1515\" class=\"elementor-tab-content elementor-clearfix\" data-tab=\"5\" role=\"tabpanel\" aria-labelledby=\"elementor-tab-title-1515\"><p>Tu aimes les enfants et tu r\u00eaverais de devenir animateur\/aide-animatrice au camp? La<br \/>formation &#8220;Pr\u00e9paration Aide-Animateur&#8221; est faite pour toi ! En une semaine, tu en<br \/>apprendras beaucoup sur l\u2019enseignement de la gymnastique, les r\u00f4les de l\u2019animateur et<br \/>de l\u2019aide-animateur, les activit\u00e9s du camp et plus encore. Le meilleur dans tout \u00e7a ? Tu<br \/>pourras te pratiquer en animant des groupes de tous \u00e2ges ! Pour une semaine unique<br \/>et enrichissante, inscris-toi ici!<\/p><\/div>\n\t\t\t\t<\/div>\n\t\t\t\t\t<\/div>\n\t\t\t\t<\/div>\n\t\t\t\t<\/div>\n\t\t\t\t<div class=\"elementor-element elementor-element-fe4278c elementor-widget elementor-widget-text-editor\" data-id=\"fe4278c\" data-element_type=\"widget\" data-widget_type=\"text-editor.default\">\n\t\t\t\t<div class=\"elementor-widget-container\">\n\t\t\t\t\t<div class=\"elementor-text-editor elementor-clearfix\"><h2>Journ\u00e9e typique au Camp Gymnamic<\/h2>\n<ul>\n<li dir=\"ltr\" style=\"line-height: 1.38; background-color: #ffffff;\"><span style=\"font-size: 12pt; font-family: Calibri,sans-serif; color: #000000; background-color: transparent; font-weight: 400; font-style: normal; font-variant: normal; text-decoration: none; vertical-align: baseline; white-space: pre-wrap;\">7h30 \u00e0 8h30 : Service de garde inclus<\/span><\/li>\n<li dir=\"ltr\" style=\"line-height: 1.38; background-color: #ffffff;\"><span style=\"font-size: 12pt; font-family: Calibri,sans-serif; color: #000000; background-color: transparent; font-weight: 400; font-style: normal; font-variant: normal; text-decoration: none; vertical-align: baseline; white-space: pre-wrap;\">8h30 \u00e0 9h00 : Histoire<\/span><\/li>\n<li dir=\"ltr\" style=\"line-height: 1.38; background-color: #ffffff;\"><span style=\"font-size: 12pt; font-family: Calibri,sans-serif; color: #000000; background-color: transparent; font-weight: 400; font-style: normal; font-variant: normal; text-decoration: none; vertical-align: baseline; white-space: pre-wrap;\">9h00 \u00e0 10h30 : Gymnastique ou jeux<\/span><\/li>\n<li dir=\"ltr\" style=\"line-height: 1.38; background-color: #ffffff;\"><span style=\"font-size: 12pt; font-family: Calibri,sans-serif; color: #000000; background-color: transparent; font-weight: 400; font-style: normal; font-variant: normal; text-decoration: none; vertical-align: baseline; white-space: pre-wrap;\">10h30 \u00e0 10h50 : Collation<\/span><\/li>\n<li dir=\"ltr\" style=\"line-height: 1.38; background-color: #ffffff;\"><span style=\"font-size: 12pt; font-family: Calibri,sans-serif; color: #000000; background-color: transparent; font-weight: 400; font-style: normal; font-variant: normal; text-decoration: none; vertical-align: baseline; white-space: pre-wrap;\">10h50 \u00e0 12h00 : Gymnastique ou jeux <\/span><\/li>\n<li dir=\"ltr\" style=\"line-height: 1.38; background-color: #ffffff;\"><span style=\"font-size: 12pt; font-family: Calibri,sans-serif; color: #000000; background-color: transparent; font-weight: 400; font-style: normal; font-variant: normal; text-decoration: none; vertical-align: baseline; white-space: pre-wrap;\">12h \u00e0 13h : D\u00eener<\/span><\/li>\n<li dir=\"ltr\" style=\"line-height: 1.38; background-color: #ffffff;\"><span style=\"font-size: 12pt; font-family: Calibri,sans-serif; color: #000000; background-color: transparent; font-weight: 400; font-style: normal; font-variant: normal; text-decoration: none; vertical-align: baseline; white-space: pre-wrap;\">13h \u00e0 15h30 : <\/span><span style=\"color: #000000; font-family: Calibri, sans-serif; font-size: 16px; white-space-collapse: preserve;\">Gymnastique ou jeux <\/span><\/li>\n<li dir=\"ltr\" style=\"line-height: 1.38; background-color: #ffffff;\"><span style=\"font-size: 12pt; font-family: Calibri,sans-serif; color: #000000; background-color: transparent; font-weight: 400; font-style: normal; font-variant: normal; text-decoration: none; vertical-align: baseline; white-space: pre-wrap;\">15h30 \u00e0 15h50 : Collation<\/span><\/li>\n<li dir=\"ltr\" style=\"line-height: 1.38; background-color: #ffffff;\"><span style=\"font-size: 12pt; font-family: Calibri,sans-serif; color: #000000; background-color: transparent; font-weight: 400; font-style: normal; font-variant: normal; text-decoration: none; vertical-align: baseline; white-space: pre-wrap;\">15h50 \u00e0 16h30 : <\/span><span style=\"color: #000000; font-family: Calibri, sans-serif; font-size: 16px; white-space-collapse: preserve;\">Gymnastique ou jeux <\/span><\/li>\n<li dir=\"ltr\" style=\"line-height: 1.38; background-color: #ffffff;\"><span style=\"font-size: 12pt; font-family: Calibri,sans-serif; color: #000000; background-color: transparent; font-weight: 400; font-style: normal; font-variant: normal; text-decoration: none; vertical-align: baseline; white-space: pre-wrap;\">16h30 \u00e0 17h30 : Service de garde inclus<\/span><\/li>\n<\/ul><\/div>\n\t\t\t\t<\/div>\n\t\t\t\t<\/div>\n\t\t\t\t<div class=\"elementor-element elementor-element-04864f2 elementor-align-center elementor-widget__width-inherit elementor-widget elementor-widget-button\" data-id=\"04864f2\" data-element_type=\"widget\" data-widget_type=\"button.default\">\n\t\t\t\t<div class=\"elementor-widget-container\">\n\t\t\t\t\t<div class=\"elementor-button-wrapper\">\n\t\t\t<a href=\"https:\/\/www.qidigo.com\/u\/Club-de-gymnastique-Gymnamic\/activities\/session\" class=\"elementor-button-link elementor-button elementor-size-md\" role=\"button\">\n\t\t\t\t\t\t<span class=\"elementor-button-content-wrapper\">\n\t\t\t\t\t\t<span class=\"elementor-button-text\">Une journ\u00e9e extra! J'inscris mon enfant! <\/span>\n\t\t<\/span>\n\t\t\t\t\t<\/a>\n\t\t<\/div>\n\t\t\t\t<\/div>\n\t\t\t\t<\/div>\n\t\t\t\t<div class=\"elementor-element elementor-element-3e1c014d elementor-widget__width-inherit elementor-widget elementor-widget-text-editor\" data-id=\"3e1c014d\" data-element_type=\"widget\" data-widget_type=\"text-editor.default\">\n\t\t\t\t<div class=\"elementor-widget-container\">\n\t\t\t\t\t<div class=\"elementor-text-editor elementor-clearfix\"><p><!-- wp:heading {\"level\":4} --><\/p>\n<p><span style=\"font-family: Calibri, sans-serif;\"><span style=\"font-size: 16px; white-space-collapse: preserve;\">*Service de garde inclus dans les frais d&#8217;inscriptions<\/span><\/span><\/p>\n<p><span style=\"font-family: Calibri, sans-serif;\"><span style=\"font-size: 16px; white-space-collapse: preserve;\">**Nous allons \u00e0 la piscine une fois par semaine<\/span><\/span><\/p>\n<p><span style=\"font-size: 12pt; font-family: Calibri, sans-serif; color: #000000; background-color: transparent; font-variant-numeric: normal; font-variant-east-asian: normal; vertical-align: baseline; white-space: pre-wrap;\">Des activit\u00e9s sp\u00e9ciales sont r\u00e9guli\u00e8rement pr\u00e9vues \u00e0 l\u2019horaire comme des jeux d\u2019eau,<br \/>des pique-niques en plein air, des grands jeux et des grands circuits. De plus, chaque<br \/>semaine, on surprend les participants avec des journ\u00e9es th\u00e9matiques telles que: une<br \/>journ\u00e9e \u00e0 l\u2019envers, une journ\u00e9e cheveux fous, ou m\u00eame un No\u00ebl au camp.<\/span><\/p>\n<p><strong><span style=\"font-size: 12pt; font-family: Calibri, sans-serif; color: #000000; background-color: transparent; font-variant-numeric: normal; font-variant-east-asian: normal; vertical-align: baseline; white-space: pre-wrap;\">Dates d&#8217;inscription :<\/span><\/strong><\/p>\n<ul>\n<li><span style=\"background-color: transparent; font-variant-numeric: normal; font-variant-east-asian: normal; vertical-align: baseline;\"><span style=\"font-family: Calibri, sans-serif;\"><span style=\"font-size: 16px; white-space-collapse: preserve;\">Pour les athl\u00e8tes du comp\u00e9titif: 17 mars d\u00e8s 8h30 <\/span><\/span><\/span><\/li>\n<li><span style=\"background-color: transparent; font-variant-numeric: normal; font-variant-east-asian: normal; vertical-align: baseline;\"><span style=\"font-family: Calibri, sans-serif;\"><span style=\"font-size: 16px; white-space-collapse: preserve;\">Ouvert \u00e0 tous: 31 mars d\u00e8s 8h30<\/span><\/span><\/span><\/li>\n<\/ul>\n<p><span style=\"font-size: 12pt; font-family: Calibri, sans-serif; color: #000000; background-color: transparent; font-variant-numeric: normal; font-variant-east-asian: normal; vertical-align: baseline; white-space: pre-wrap;\"><strong>Mat\u00e9riel \u00e0 pr\u00e9voir dans le sac \u00e0 dos<\/strong> : <\/span><\/p>\n<ul>\n<li>Ice pack dans la bo\u00eete \u00e0 lunch;<\/li>\n<li>Un d\u00eener et deux collations (lunch froid ou thermos obligatoire \u00e0 tous les jours)<br \/>(pas d\u2019arachides);<\/li>\n<li>Cr\u00e8me solaire;<\/li>\n<li>Une tenue sportive (int\u00e9rieure et ext\u00e9rieure);<\/li>\n<li>Casquette ou chapeau;<\/li>\n<li>Espadrilles;<\/li>\n<li>Maillot de bain et serviette;<\/li>\n<li>Bouteille d&#8217;eau.<\/li>\n<\/ul>\n<div>\n<div>\u00a0<\/div>\n<div><span style=\"font-size: 16px; white-space: pre-wrap;\">Venez vous amuser tout l\u2019\u00e9t\u00e9 au Camp Gymnamic!<\/span><\/div>\n<\/div>\n<p><!-- \/wp:paragraph --><\/p><\/div>\n\t\t\t\t<\/div>\n\t\t\t\t<\/div>\n\t\t\t\t<div class=\"elementor-element elementor-element-b7f5d87 elementor-align-center elementor-widget elementor-widget-button\" data-id=\"b7f5d87\" data-element_type=\"widget\" data-widget_type=\"button.default\">\n\t\t\t\t<div class=\"elementor-widget-container\">\n\t\t\t\t\t<div class=\"elementor-button-wrapper\">\n\t\t\t<a href=\"https:\/\/www.qidigo.com\/u\/Club-de-gymnastique-Gymnamic\/activities\/session\" class=\"elementor-button-link elementor-button elementor-size-sm\" role=\"button\">\n\t\t\t\t\t\t<span class=\"elementor-button-content-wrapper\">\n\t\t\t\t\t\t<span class=\"elementor-button-text\">Inscriptions<\/span>\n\t\t<\/span>\n\t\t\t\t\t<\/a>\n\t\t<\/div>\n\t\t\t\t<\/div>\n\t\t\t\t<\/div>\n\t\t\t\t\t<\/div>\n\t\t<\/div>\n\t\t\t\t\t\t\t<\/div>\n\t\t<\/section>\n\t\t\t\t\t\t<\/div>\n\t\t\t\t\t<\/div>\n\t\t","protected":false},"excerpt":{"rendered":"<p>Venez vous amuser au Camp Gymnamic! \u00a0 Le camp Gymnamic fera vivre \u00e0 vos enfants un \u00e9t\u00e9 exceptionnel et tr\u00e8s actif. Au programme: initiation \u00e0 la gymnastique et activit\u00e9s vari\u00e9es selon la th\u00e9matique choisie. Encadr\u00e9s par une \u00e9quipe d\u2019animateurs dynamique, les enfants vivront un \u00e9t\u00e9 unique dans un environnement stimulant et s\u00e9curitaire. Rejoignez-nous du 23 [&hellip;]<\/p>\n","protected":false},"author":1,"featured_media":0,"parent":0,"menu_order":0,"comment_status":"closed","ping_status":"closed","template":"","meta":[],"_links":{"self":[{"href":"https:\/\/gymnamic.org\/index.php?rest_route=\/wp\/v2\/pages\/61"}],"collection":[{"href":"https:\/\/gymnamic.org\/index.php?rest_route=\/wp\/v2\/pages"}],"about":[{"href":"https:\/\/gymnamic.org\/index.php?rest_route=\/wp\/v2\/types\/page"}],"author":[{"embeddable":true,"href":"https:\/\/gymnamic.org\/index.php?rest_route=\/wp\/v2\/users\/1"}],"replies":[{"embeddable":true,"href":"https:\/\/gymnamic.org\/index.php?rest_route=%2Fwp%2Fv2%2Fcomments&post=61"}],"version-history":[{"count":47,"href":"https:\/\/gymnamic.org\/index.php?rest_route=\/wp\/v2\/pages\/61\/revisions"}],"predecessor-version":[{"id":1189,"href":"https:\/\/gymnamic.org\/index.php?rest_route=\/wp\/v2\/pages\/61\/revisions\/1189"}],"wp:attachment":[{"href":"https:\/\/gymnamic.org\/index.php?rest_route=%2Fwp%2Fv2%2Fmedia&parent=61"}],"curies":[{"name":"wp","href":"https:\/\/api.w.org\/{rel}","templated":true}]}}