{"id":5,"date":"2021-02-15T16:20:26","date_gmt":"2021-02-15T21:20:26","guid":{"rendered":"http:\/\/id42.sytes.net:9000\/?page_id=5"},"modified":"2023-01-10T21:38:40","modified_gmt":"2023-01-11T02:38:40","slug":"competitif","status":"publish","type":"page","link":"https:\/\/gymnamic.org\/?page_id=5","title":{"rendered":"Comp\u00e9titif"},"content":{"rendered":"\r\n<p><strong>Ce volet offre la possibilit\u00e9 aux filles et aux gar\u00e7ons d\u2019approfondir et de perfectionner leur m\u00e9thode d\u2019entra\u00eenement en gymnastique artistique. Durant l\u2019ann\u00e9e, les gymnastes de ce secteur sont invit\u00e9s \u00e0 participer \u00e0 diff\u00e9rentes comp\u00e9titions et diff\u00e9rents \u00e9v\u00e9nements.<\/strong><\/p>\r\n\r\n\r\n\r\n<p>Il existe quatre circuits de comp\u00e9tition dans lesquels Gymnamic est repr\u00e9sent\u00e9, soit le circuit d\u00e9fi, r\u00e9gional, provincial et national. Le type de circuit et la cat\u00e9gorie des gymnastes sont d\u00e9termin\u00e9s selon l\u2019\u00e2ge et le niveau gymnique des athl\u00e8tes.<\/p>\r\n\r\n\r\n\r\n<p>Pr\u00e8s de 90 jeunes s\u2019entra\u00eenent entre 6 et 21,25 heures par semaine au centre d\u2019entra\u00eenement de Gymnamic et cela pendant 46 semaines par ann\u00e9e. Nous offrons deux programmes diff\u00e9rents : le programme r\u00e9gulier de soir et de fin de semaine et le PALS qui inclut la concentration sportive ainsi que le Sport-\u00e9tudes, qui est sur invitation seulement.<\/p>\r\n\r\n\r\n\r\n<p><strong>Pour acc\u00e9der au secteur COMP\u00c9TITIF, les jeunes doivent passer des auditions.<\/strong> Ces auditions se font au mois d&#8217;avril de chaque ann\u00e9e. Les groupes sont ensuite form\u00e9s pour l&#8217;ann\u00e9e gymnique suivante soit de juin \u00e0 juin l&#8217;ann\u00e9e suivante.<\/p>\r\n\r\n\r\n\r\n<p>Pour en savoir davantage, rendez-vous dans la section comp\u00e9titif <a href=\"https:\/\/gymnamic.org\/?page_id=74\">f\u00e9minin<\/a> ou <a href=\"https:\/\/gymnamic.org\/?page_id=76\">masculin<\/a>. <\/p>\r\n\r\n\r\n\r\n<div class=\"wp-block-image is-style-rounded\"><figure class=\"alignright size-medium\"><img loading=\"lazy\" width=\"300\" height=\"244\" src=\"https:\/\/gymnamic.org\/wp-content\/uploads\/2021\/06\/GAF-11-300x244.jpg\" alt=\"\" class=\"wp-image-269\" srcset=\"https:\/\/gymnamic.org\/wp-content\/uploads\/2021\/06\/GAF-11-300x244.jpg 300w, https:\/\/gymnamic.org\/wp-content\/uploads\/2021\/06\/GAF-11-1024x832.jpg 1024w, https:\/\/gymnamic.org\/wp-content\/uploads\/2021\/06\/GAF-11-768x624.jpg 768w, https:\/\/gymnamic.org\/wp-content\/uploads\/2021\/06\/GAF-11-720x585.jpg 720w, https:\/\/gymnamic.org\/wp-content\/uploads\/2021\/06\/GAF-11.jpg 1080w\" sizes=\"(max-width: 300px) 100vw, 300px\" \/><\/figure><\/div>\r\n\r\n\r\n\r\n<figure class=\"wp-block-image size-medium is-style-rounded\"><img loading=\"lazy\" width=\"300\" height=\"225\" src=\"https:\/\/gymnamic.org\/wp-content\/uploads\/2021\/06\/gam-9-300x225.jpg\" alt=\"\" class=\"wp-image-255\" srcset=\"https:\/\/gymnamic.org\/wp-content\/uploads\/2021\/06\/gam-9-300x225.jpg 300w, https:\/\/gymnamic.org\/wp-content\/uploads\/2021\/06\/gam-9-768x576.jpg 768w, https:\/\/gymnamic.org\/wp-content\/uploads\/2021\/06\/gam-9-720x540.jpg 720w, https:\/\/gymnamic.org\/wp-content\/uploads\/2021\/06\/gam-9.jpg 960w\" sizes=\"(max-width: 300px) 100vw, 300px\" \/><\/figure>\r\n\r\n\r\n\r\n<p><\/p>\r\n","protected":false},"excerpt":{"rendered":"<p>Ce volet offre la possibilit\u00e9 aux filles et aux gar\u00e7ons d\u2019approfondir et de perfectionner leur m\u00e9thode d\u2019entra\u00eenement en gymnastique artistique. Durant l\u2019ann\u00e9e, les gymnastes de ce secteur sont invit\u00e9s \u00e0 participer \u00e0 diff\u00e9rentes comp\u00e9titions et diff\u00e9rents \u00e9v\u00e9nements. Il existe quatre circuits de comp\u00e9tition dans lesquels Gymnamic est repr\u00e9sent\u00e9, soit le circuit d\u00e9fi, r\u00e9gional, provincial et [&hellip;]<\/p>\n","protected":false},"author":1,"featured_media":0,"parent":0,"menu_order":0,"comment_status":"closed","ping_status":"closed","template":"","meta":[],"_links":{"self":[{"href":"https:\/\/gymnamic.org\/index.php?rest_route=\/wp\/v2\/pages\/5"}],"collection":[{"href":"https:\/\/gymnamic.org\/index.php?rest_route=\/wp\/v2\/pages"}],"about":[{"href":"https:\/\/gymnamic.org\/index.php?rest_route=\/wp\/v2\/types\/page"}],"author":[{"embeddable":true,"href":"https:\/\/gymnamic.org\/index.php?rest_route=\/wp\/v2\/users\/1"}],"replies":[{"embeddable":true,"href":"https:\/\/gymnamic.org\/index.php?rest_route=%2Fwp%2Fv2%2Fcomments&post=5"}],"version-history":[{"count":7,"href":"https:\/\/gymnamic.org\/index.php?rest_route=\/wp\/v2\/pages\/5\/revisions"}],"predecessor-version":[{"id":578,"href":"https:\/\/gymnamic.org\/index.php?rest_route=\/wp\/v2\/pages\/5\/revisions\/578"}],"wp:attachment":[{"href":"https:\/\/gymnamic.org\/index.php?rest_route=%2Fwp%2Fv2%2Fmedia&parent=5"}],"curies":[{"name":"wp","href":"https:\/\/api.w.org\/{rel}","templated":true}]}}