{"id":141,"date":"2021-05-23T11:57:44","date_gmt":"2021-05-23T15:57:44","guid":{"rendered":"http:\/\/id42.sytes.net:9000\/?page_id=141"},"modified":"2023-08-20T12:24:14","modified_gmt":"2023-08-20T16:24:14","slug":"faq","status":"publish","type":"page","link":"https:\/\/gymnamic.org\/?page_id=141","title":{"rendered":"FAQ"},"content":{"rendered":"\t\t<div data-elementor-type=\"wp-page\" data-elementor-id=\"141\" class=\"elementor elementor-141\" data-elementor-settings=\"[]\">\n\t\t\t\t\t\t\t<div class=\"elementor-section-wrap\">\n\t\t\t\t\t\t\t<section class=\"elementor-section elementor-top-section elementor-element elementor-element-58ff9e7 elementor-section-boxed elementor-section-height-default elementor-section-height-default\" data-id=\"58ff9e7\" data-element_type=\"section\">\n\t\t\t\t\t\t<div class=\"elementor-container elementor-column-gap-default\">\n\t\t\t\t\t<div class=\"elementor-column elementor-col-100 elementor-top-column elementor-element elementor-element-b0ee8bd\" data-id=\"b0ee8bd\" data-element_type=\"column\">\n\t\t\t<div class=\"elementor-widget-wrap elementor-element-populated\">\n\t\t\t\t\t\t\t\t<div class=\"elementor-element elementor-element-7714c3b elementor-widget elementor-widget-text-editor\" data-id=\"7714c3b\" data-element_type=\"widget\" data-widget_type=\"text-editor.default\">\n\t\t\t\t<div class=\"elementor-widget-container\">\n\t\t\t\t\t<div class=\"elementor-text-editor elementor-clearfix\"><p>Voici la r\u00e9ponse aux questions que l&#8217;on se fait souvent poser. Si vous ne trouvez pas l&#8217;information que vous recherchez, veuillez nous <a href=\"https:\/\/gymnamic.org\/?page_id=9\">contacter<\/a>.<\/p><\/div>\n\t\t\t\t<\/div>\n\t\t\t\t<\/div>\n\t\t\t\t<div class=\"elementor-element elementor-element-78e5112 elementor-widget elementor-widget-toggle\" data-id=\"78e5112\" data-element_type=\"widget\" data-widget_type=\"toggle.default\">\n\t\t\t\t<div class=\"elementor-widget-container\">\n\t\t\t\t\t<div class=\"elementor-toggle\" role=\"tablist\">\n\t\t\t\t\t\t\t<div class=\"elementor-toggle-item\">\n\t\t\t\t\t<div id=\"elementor-tab-title-1261\" class=\"elementor-tab-title\" data-tab=\"1\" role=\"tab\" aria-controls=\"elementor-tab-content-1261\">\n\t\t\t\t\t\t\t\t\t\t\t\t<a href=\"\" class=\"elementor-toggle-title\">Mon enfant n\u2019a jamais fait de gymnastique. Dans quel groupe dois-je l\u2019inscrire?<\/a>\n\t\t\t\t\t<\/div>\n\t\t\t\t\t<div id=\"elementor-tab-content-1261\" class=\"elementor-tab-content elementor-clearfix\" data-tab=\"1\" role=\"tabpanel\" aria-labelledby=\"elementor-tab-title-1261\"><p><span style=\"font-weight: 400;\">Tout d\u00e9pend de l\u2019\u00e2ge de votre enfant, vous devez toujours l\u2019inscrire au niveau le moins \u00e9lev\u00e9.\u00a0 (Exemple : votre enfant a 5 ans, vous devez l\u2019inscrire dans le groupe des 4-5 ans d\u00e9butant.\u00a0 Votre enfant a 9 ans, vous devez l\u2019inscrire dans les groupes 8-12 ans Niveau 1-2.\u00a0 Vous pouvez en tout temps vous r\u00e9f\u00e9rer \u00e0 la programmation dans la section \u00ab \u00c9ducatif \u00bb.) Vous pouvez vous fier \u00e0 l\u2019image de l\u2019\u00e9volution gymnique dans l\u2019onglet r\u00e9cr\u00e9atif.<\/span><\/p><\/div>\n\t\t\t\t<\/div>\n\t\t\t\t\t\t\t<div class=\"elementor-toggle-item\">\n\t\t\t\t\t<div id=\"elementor-tab-title-1262\" class=\"elementor-tab-title\" data-tab=\"2\" role=\"tab\" aria-controls=\"elementor-tab-content-1262\">\n\t\t\t\t\t\t\t\t\t\t\t\t<a href=\"\" class=\"elementor-toggle-title\">Mon enfant n\u2019a jamais fait de la gymnastique, mais il a un trampoline \u00e0 la maison et fait beaucoup de gymnastique par lui-m\u00eame. Dois-je l\u2019inscrire au niveau d\u00e9butant?<\/a>\n\t\t\t\t\t<\/div>\n\t\t\t\t\t<div id=\"elementor-tab-content-1262\" class=\"elementor-tab-content elementor-clearfix\" data-tab=\"2\" role=\"tabpanel\" aria-labelledby=\"elementor-tab-title-1262\"><p><span style=\"font-weight: 400;\">Oui. Votre enfant doit apprendre certaines bases pour faire de la gymnastique de mani\u00e8re s\u00e9curitaire. Il doit donc commencer par les groupes d\u00e9butants de son \u00e2ge. L\u2019entra\u00eeneur adapte les ateliers selon chaque enfant. Si votre enfant est plus avanc\u00e9, l&#8217;entra\u00eeneur s&#8217;adaptera pour que votre enfant ait du d\u00e9fi.<\/span><\/p><\/div>\n\t\t\t\t<\/div>\n\t\t\t\t\t\t\t<div class=\"elementor-toggle-item\">\n\t\t\t\t\t<div id=\"elementor-tab-title-1263\" class=\"elementor-tab-title\" data-tab=\"3\" role=\"tab\" aria-controls=\"elementor-tab-content-1263\">\n\t\t\t\t\t\t\t\t\t\t\t\t<a href=\"\" class=\"elementor-toggle-title\"> Mon enfant a d\u00e9j\u00e0 fait de la gymnastique. Dans quel groupe dois-je l\u2019inscrire?<\/a>\n\t\t\t\t\t<\/div>\n\t\t\t\t\t<div id=\"elementor-tab-content-1263\" class=\"elementor-tab-content elementor-clearfix\" data-tab=\"3\" role=\"tabpanel\" aria-labelledby=\"elementor-tab-title-1263\"><p><span style=\"font-weight: 400;\">Tout d\u00e9pendamment de l\u2019\u00e2ge de votre enfant, vous devez toujours l\u2019inscrire au niveau que l\u2019enfant se situe.\u00a0 Exemple : votre enfant a 5 ans, vous devez l\u2019inscrire dans le groupe des 4-5 ans Avanc\u00e9.\u00a0 Votre enfant a 8 ans, vous devez l\u2019inscrire dans les groupes de 6 ans et + selon le niveau auquel il est rendu. <\/span><b>\u00a0Informez-vous aupr\u00e8s du club pour savoir quel est le dernier niveau obtenu ou dans quel niveau vous devriez l\u2019inscrire.<\/b><\/p><\/div>\n\t\t\t\t<\/div>\n\t\t\t\t\t\t\t<div class=\"elementor-toggle-item\">\n\t\t\t\t\t<div id=\"elementor-tab-title-1264\" class=\"elementor-tab-title\" data-tab=\"4\" role=\"tab\" aria-controls=\"elementor-tab-content-1264\">\n\t\t\t\t\t\t\t\t\t\t\t\t<a href=\"\" class=\"elementor-toggle-title\">\u00c0 quoi sert l\u2019affiliation?<\/a>\n\t\t\t\t\t<\/div>\n\t\t\t\t\t<div id=\"elementor-tab-content-1264\" class=\"elementor-tab-content elementor-clearfix\" data-tab=\"4\" role=\"tabpanel\" aria-labelledby=\"elementor-tab-title-1264\"><p><span style=\"font-weight: 400;\">Une fois par ann\u00e9e, le ou la gymnaste doit payer des frais d\u2019affiliation \u00e0 la F\u00e9d\u00e9ration de gymnastique du Qu\u00e9bec qui servent \u00e0 couvrir les frais d\u2019assurances en cas d\u2019accident.\u00a0 La p\u00e9riode de l\u2019affiliation est du 1re septembre au 31 ao\u00fbt de l\u2019ann\u00e9e suivante.\u00a0 Si votre enfant s\u2019inscrit \u00e0 une session donn\u00e9e, il devra payer le montant et n\u2019aura pas \u00e0 le payer de nouveau \u00e0 chaque session contenue dans la p\u00e9riode.<\/span><\/p><\/div>\n\t\t\t\t<\/div>\n\t\t\t\t\t\t\t<div class=\"elementor-toggle-item\">\n\t\t\t\t\t<div id=\"elementor-tab-title-1265\" class=\"elementor-tab-title\" data-tab=\"5\" role=\"tab\" aria-controls=\"elementor-tab-content-1265\">\n\t\t\t\t\t\t\t\t\t\t\t\t<a href=\"\" class=\"elementor-toggle-title\">Je trouve que mon enfant fait souvent les m\u00eames mouvements, les m\u00eames exercices.  Pourquoi ? <\/a>\n\t\t\t\t\t<\/div>\n\t\t\t\t\t<div id=\"elementor-tab-content-1265\" class=\"elementor-tab-content elementor-clearfix\" data-tab=\"5\" role=\"tabpanel\" aria-labelledby=\"elementor-tab-title-1265\"><p><span style=\"font-weight: 400;\">La gymnastique est un sport tr\u00e8s technique.\u00a0 Pour que l\u2019enfant se d\u00e9veloppe et puisse avancer plus efficacement, il est prouv\u00e9 qu\u2019il faut bien ma\u00eetriser la base gymnique pour apprendre de nouveaux mouvements.\u00a0 Par la suite, le ou la gymnaste aura moins de difficult\u00e9 \u00e0 effectuer des \u00e9l\u00e9ments plus difficiles.\u00a0 Au niveau plus avanc\u00e9, soit au secteur comp\u00e9titif, il est prouv\u00e9 qu\u2019un ou une gymnaste qui a bien appris la base se d\u00e9veloppe beaucoup plus longtemps et stagne \u00e0 un \u00e2ge plus \u00e9lev\u00e9.<\/span><\/p><\/div>\n\t\t\t\t<\/div>\n\t\t\t\t\t\t\t<div class=\"elementor-toggle-item\">\n\t\t\t\t\t<div id=\"elementor-tab-title-1266\" class=\"elementor-tab-title\" data-tab=\"6\" role=\"tab\" aria-controls=\"elementor-tab-content-1266\">\n\t\t\t\t\t\t\t\t\t\t\t\t<a href=\"\" class=\"elementor-toggle-title\">Quelle est la tenue vestimentaire recommand\u00e9e ?<\/a>\n\t\t\t\t\t<\/div>\n\t\t\t\t\t<div id=\"elementor-tab-content-1266\" class=\"elementor-tab-content elementor-clearfix\" data-tab=\"6\" role=\"tabpanel\" aria-labelledby=\"elementor-tab-title-1266\"><p><span style=\"font-weight: 400;\">L\u2019enfant doit porter des v\u00eatements souples et ajust\u00e9s.\u00a0 Exemple : short, pantalon sport flexible, cuissard, maillot de gymnastique, camisole ou t-shirt ajust\u00e9.\u00a0 Le port des bijoux n\u2019est pas accept\u00e9 et les filles doivent absolument attacher leurs cheveux.<\/span><\/p><\/div>\n\t\t\t\t<\/div>\n\t\t\t\t\t\t\t<div class=\"elementor-toggle-item\">\n\t\t\t\t\t<div id=\"elementor-tab-title-1267\" class=\"elementor-tab-title\" data-tab=\"7\" role=\"tab\" aria-controls=\"elementor-tab-content-1267\">\n\t\t\t\t\t\t\t\t\t\t\t\t<a href=\"\" class=\"elementor-toggle-title\">Puis-je assister au cours de mon enfant ?<\/a>\n\t\t\t\t\t<\/div>\n\t\t\t\t\t<div id=\"elementor-tab-content-1267\" class=\"elementor-tab-content elementor-clearfix\" data-tab=\"7\" role=\"tabpanel\" aria-labelledby=\"elementor-tab-title-1267\"><p><span style=\"font-weight: 400;\">Vous pouvez assister au cours de votre enfant. Cependant, vous devez rester dans les estrades afin d\u2019\u00e9viter la congestion et les collisions avec le personnel et les athl\u00e8tes.<\/span><\/p><\/div>\n\t\t\t\t<\/div>\n\t\t\t\t\t\t\t<div class=\"elementor-toggle-item\">\n\t\t\t\t\t<div id=\"elementor-tab-title-1268\" class=\"elementor-tab-title\" data-tab=\"8\" role=\"tab\" aria-controls=\"elementor-tab-content-1268\">\n\t\t\t\t\t\t\t\t\t\t\t\t<a href=\"\" class=\"elementor-toggle-title\"> Nous sommes au d\u00e9but janvier et j\u2019ai besoin d\u2019un re\u00e7u pour mes imp\u00f4ts.  Dois-je le demander ? <\/a>\n\t\t\t\t\t<\/div>\n\t\t\t\t\t<div id=\"elementor-tab-content-1268\" class=\"elementor-tab-content elementor-clearfix\" data-tab=\"8\" role=\"tabpanel\" aria-labelledby=\"elementor-tab-title-1268\"><p><span style=\"font-weight: 400;\">Au f\u00e9d\u00e9ral, le re\u00e7u demand\u00e9 est simplement une preuve d\u2019achat, vous devez donc conserver la confirmation de paiement re\u00e7ue lors de l\u2019inscription.\u00a0 Au provincial, seulement les relev\u00e9s 24 peuvent \u00eatre accept\u00e9s.\u00a0 Ces re\u00e7us sp\u00e9ciaux sont distribu\u00e9s seulement aux participants du camp jour et seront achemin\u00e9s par courriel avant la date butoir.<\/span><\/p><\/div>\n\t\t\t\t<\/div>\n\t\t\t\t\t<\/div>\n\t\t\t\t<\/div>\n\t\t\t\t<\/div>\n\t\t\t\t\t<\/div>\n\t\t<\/div>\n\t\t\t\t\t\t\t<\/div>\n\t\t<\/section>\n\t\t\t\t\t\t<\/div>\n\t\t\t\t\t<\/div>\n\t\t","protected":false},"excerpt":{"rendered":"<p>Voici la r\u00e9ponse aux questions que l&#8217;on se fait souvent poser. Si vous ne trouvez pas l&#8217;information que vous recherchez, veuillez nous contacter. Mon enfant n\u2019a jamais fait de gymnastique. Dans quel groupe dois-je l\u2019inscrire? Tout d\u00e9pend de l\u2019\u00e2ge de votre enfant, vous devez toujours l\u2019inscrire au niveau le moins \u00e9lev\u00e9.\u00a0 (Exemple : votre enfant [&hellip;]<\/p>\n","protected":false},"author":1,"featured_media":0,"parent":0,"menu_order":0,"comment_status":"closed","ping_status":"closed","template":"","meta":[],"_links":{"self":[{"href":"https:\/\/gymnamic.org\/index.php?rest_route=\/wp\/v2\/pages\/141"}],"collection":[{"href":"https:\/\/gymnamic.org\/index.php?rest_route=\/wp\/v2\/pages"}],"about":[{"href":"https:\/\/gymnamic.org\/index.php?rest_route=\/wp\/v2\/types\/page"}],"author":[{"embeddable":true,"href":"https:\/\/gymnamic.org\/index.php?rest_route=\/wp\/v2\/users\/1"}],"replies":[{"embeddable":true,"href":"https:\/\/gymnamic.org\/index.php?rest_route=%2Fwp%2Fv2%2Fcomments&post=141"}],"version-history":[{"count":19,"href":"https:\/\/gymnamic.org\/index.php?rest_route=\/wp\/v2\/pages\/141\/revisions"}],"predecessor-version":[{"id":849,"href":"https:\/\/gymnamic.org\/index.php?rest_route=\/wp\/v2\/pages\/141\/revisions\/849"}],"wp:attachment":[{"href":"https:\/\/gymnamic.org\/index.php?rest_route=%2Fwp%2Fv2%2Fmedia&parent=141"}],"curies":[{"name":"wp","href":"https:\/\/api.w.org\/{rel}","templated":true}]}}